{"id":6407,"date":"2025-08-01T15:50:24","date_gmt":"2025-08-01T13:50:24","guid":{"rendered":"https:\/\/grietvanmalderen.com\/?post_type=product&#038;p=6407"},"modified":"2025-10-02T14:11:23","modified_gmt":"2025-10-02T12:11:23","slug":"bundle-wild-souls-ll-desert-lion-magazine","status":"publish","type":"product","link":"https:\/\/grietvanmalderen.com\/fr\/produit\/bundle-wild-souls-ll-desert-lion-magazine\/","title":{"rendered":"Offre group\u00e9e - Livre Wild Souls II &amp; The Wild Souls Magazine"},"content":{"rendered":"<h3 data-1d6d93e8-20ba-4a43-8d3e-832f7cb99f96-8=\"true\">Wild Souls II et le magazine Wild Souls<\/h3>\n<p><br data-1d6d93e8-20ba-4a43-8d3e-832f7cb99f96-12=\"true\">Deux pi\u00e8ces puissantes. Une mission : donner une voix \u00e0 la nature.<x id=\"gid_0\"><\/x>Soutenez la nature. Appropriez-vous une partie de l&rsquo;histoire.  <br data-1d6d93e8-20ba-4a43-8d3e-832f7cb99f96-14=\"true\"><br data-1d6d93e8-20ba-4a43-8d3e-832f7cb99f96-15=\"true\"><strong>Livre Wild Souls II<\/strong> - \u20ac120<br data-1d6d93e8-20ba-4a43-8d3e-832f7cb99f96-23=\"true\">Une nouvelle collection de photographies saisissantes d&rsquo;animaux sauvages et d&rsquo;histoires de terrain - des derniers grands tuskers du Kenya aux lions du d\u00e9sert de Namibie.<\/p>\n<p>Taille : 30 x 30 cm<\/p>\n<p>Pages : 265<\/p>\n<p>Langue : anglais<\/p>\n<p><br data-1d6d93e8-20ba-4a43-8d3e-832f7cb99f96-26=\"true\"><strong>Desert Lion Magazine<\/strong> - \u20ac45<br data-1d6d93e8-20ba-4a43-8d3e-832f7cb99f96-34=\"true\">Une \u00e9dition sp\u00e9ciale consacr\u00e9e \u00e0 l&rsquo;histoire extraordinaire d&rsquo;Alpha, Bravo, Charlie et Gamma. Un hommage \u00e0 la r\u00e9silience, \u00e0 la survie et \u00e0 la conservation. <\/p>\n<p>Taille : A3<\/p>\n<p>Langue : anglais<\/p>\n","protected":false},"excerpt":{"rendered":"<p>Wild Souls II et le magazine Wild Souls Deux pi\u00e8ces puissantes. Une mission : donner une voix \u00e0 la nature.Soutenez la nature. Appropriez-vous une partie de l&rsquo;histoire. Livre Wild Souls II - \u20ac120Une nouvelle collection de photographies saisissantes d&rsquo;animaux sauvages et d&rsquo;histoires de terrain - des derniers grands tuskers du Kenya aux lions du d\u00e9sert [&hellip;]<\/p>\n","protected":false},"featured_media":6464,"comment_status":"closed","ping_status":"closed","template":"","meta":{"give_campaign_id":0},"product_brand":[],"product_cat":[115],"product_tag":[],"class_list":{"0":"post-6407","1":"product","2":"type-product","3":"status-publish","4":"has-post-thumbnail","6":"product_cat-livres","8":"first","9":"instock","10":"purchasable","11":"product-type-simple"},"_links":{"self":[{"href":"https:\/\/grietvanmalderen.com\/fr\/wp-json\/wp\/v2\/product\/6407","targetHints":{"allow":["GET"]}}],"collection":[{"href":"https:\/\/grietvanmalderen.com\/fr\/wp-json\/wp\/v2\/product"}],"about":[{"href":"https:\/\/grietvanmalderen.com\/fr\/wp-json\/wp\/v2\/types\/product"}],"replies":[{"embeddable":true,"href":"https:\/\/grietvanmalderen.com\/fr\/wp-json\/wp\/v2\/comments?post=6407"}],"wp:featuredmedia":[{"embeddable":true,"href":"https:\/\/grietvanmalderen.com\/fr\/wp-json\/wp\/v2\/media\/6464"}],"wp:attachment":[{"href":"https:\/\/grietvanmalderen.com\/fr\/wp-json\/wp\/v2\/media?parent=6407"}],"wp:term":[{"taxonomy":"product_brand","embeddable":true,"href":"https:\/\/grietvanmalderen.com\/fr\/wp-json\/wp\/v2\/product_brand?post=6407"},{"taxonomy":"product_cat","embeddable":true,"href":"https:\/\/grietvanmalderen.com\/fr\/wp-json\/wp\/v2\/product_cat?post=6407"},{"taxonomy":"product_tag","embeddable":true,"href":"https:\/\/grietvanmalderen.com\/fr\/wp-json\/wp\/v2\/product_tag?post=6407"}],"curies":[{"name":"wp","href":"https:\/\/api.w.org\/{rel}","templated":true}]}}