{"id":6404,"date":"2025-08-01T15:50:08","date_gmt":"2025-08-01T13:50:08","guid":{"rendered":"https:\/\/grietvanmalderen.com\/product\/wild-souls-ii\/"},"modified":"2025-10-02T14:13:23","modified_gmt":"2025-10-02T12:13:23","slug":"wild-souls-ll","status":"publish","type":"product","link":"https:\/\/grietvanmalderen.com\/fr\/produit\/wild-souls-ll\/","title":{"rendered":"Livre Wild Souls II"},"content":{"rendered":"<p><b data-f204935d-abfa-4974-81dc-a3b109eeb0a3-12=\"true\">\u00c9dition limit\u00e9e <br data-f204935d-abfa-4974-81dc-a3b109eeb0a3-18=\"true\"><br data-f204935d-abfa-4974-81dc-a3b109eeb0a3-19=\"true\"><\/b>Nous sommes fiers d&rsquo;annoncer le lancement de <i data-f204935d-abfa-4974-81dc-a3b109eeb0a3-22=\"true\"><strong>Wild Souls II<\/strong>, <\/i>un nouveau volume puissant dans le voyage \u00e0 travers la nature.<\/p>\n<p>Taille : 30 x 30 cm<\/p>\n<p>Pages : 265<\/p>\n<p>Langue : anglais<\/p>\n<p><br data-f204935d-abfa-4974-81dc-a3b109eeb0a3-28=\"true\">Ce livre en \u00e9dition limit\u00e9e rassemble des ann\u00e9es de photographies en noir et blanc et des rencontres profond\u00e9ment personnelles avec certains des animaux les plus embl\u00e9matiques et les plus menac\u00e9s de la plan\u00e8te, des dunes obs\u00e9dantes de la Skeleton Coast de Namibie aux puissants tuskers du Kenya, en passant par la force tranquille des lions, des l\u00e9opards, des gorilles et bien d&rsquo;autres encore.<br data-f204935d-abfa-4974-81dc-a3b109eeb0a3-33=\"true\"><br data-f204935d-abfa-4974-81dc-a3b109eeb0a3-34=\"true\">Chaque image est une fen\u00eatre sur un monde en voie de disparition, chaque histoire un appel \u00e0 le prot\u00e9ger.<\/p>\n<p>- Un exemplaire en \u00e9dition limit\u00e9e de <i data-f204935d-abfa-4974-81dc-a3b109eeb0a3-52=\"true\">Wild Souls II<\/i><br data-f204935d-abfa-4974-81dc-a3b109eeb0a3-54=\"true\">- Comprend une reproduction d&rsquo;art sign\u00e9e<br data-f204935d-abfa-4974-81dc-a3b109eeb0a3-62=\"true\">- Une partie des recettes soutient des projets de conservation<b data-f204935d-abfa-4974-81dc-a3b109eeb0a3-12=\"true\"><br data-f204935d-abfa-4974-81dc-a3b109eeb0a3-66=\"true\"><br data-f204935d-abfa-4974-81dc-a3b109eeb0a3-67=\"true\">Pour c\u00e9l\u00e9brer le lancement, nous vous proposons \u00e9galement :<br data-f204935d-abfa-4974-81dc-a3b109eeb0a3-69=\"true\"><\/b>Un coffret collector comprenant <i data-f204935d-abfa-4974-81dc-a3b109eeb0a3-75=\"true\"><a href=\"https:\/\/grietvanmalderen.com\/produit\/bundle-wild-souls-l-ll\/\">Wild Souls I + II<\/a> avec une reproduction d&rsquo;art sign\u00e9e<\/i><br data-f204935d-abfa-4974-81dc-a3b109eeb0a3-77=\"true\">Les d\u00e9buts du magazine Wild Souls, un hommage grand format et approfondi aux s\u0153urs lions du d\u00e9sert : Alpha, Bravo et Charlie, dont l&rsquo;extraordinaire histoire de survie le long de la Skeleton Coast en Namibie est \u00e0 la fois obs\u00e9dante et inoubliable.<b data-f204935d-abfa-4974-81dc-a3b109eeb0a3-12=\"true\"><br data-f204935d-abfa-4974-81dc-a3b109eeb0a3-87=\"true\"><br data-f204935d-abfa-4974-81dc-a3b109eeb0a3-88=\"true\"><\/b>Il ne s&rsquo;agit pas seulement d&rsquo;un livre.<br data-f204935d-abfa-4974-81dc-a3b109eeb0a3-90=\"true\">Il s&rsquo;agit d&rsquo;un h\u00e9ritage, pour ceux qui croient en la beaut\u00e9, en la nature sauvage et en la n\u00e9cessit\u00e9 urgente de prot\u00e9ger ce qui reste.<\/p>\n","protected":false},"excerpt":{"rendered":"<p><strong>Elle a march\u00e9 jusqu&rsquo;\u00e0 l&rsquo;oc\u00e9an, comme si elle cherchait des r\u00e9ponses.<\/strong><br data-2ab0be5a-87e2-4023-8284-68bcf760b36c-26=\"true\">N\u00e9e d&rsquo;une perte, \u00e9lev\u00e9e dans le silence, elle porte la m\u00e9moire d&rsquo;une lign\u00e9e sauvage.<br data-2ab0be5a-87e2-4023-8284-68bcf760b36c-28=\"true\">Gamma, fille du d\u00e9sert, marche maintenant l\u00e0 o\u00f9 aucun lion n&rsquo;\u00e9tait cens\u00e9 se trouver -<br data-2ab0be5a-87e2-4023-8284-68bcf760b36c-30=\"true\">\u00e0 la lisi\u00e8re d&rsquo;un monde qui change trop vite.<br data-2ab0be5a-87e2-4023-8284-68bcf760b36c-32=\"true\"><br data-2ab0be5a-87e2-4023-8284-68bcf760b36c-33=\"true\">Cette image est plus qu&rsquo;une photographie.<br data-2ab0be5a-87e2-4023-8284-68bcf760b36c-35=\"true\">C&rsquo;est un rappel. Un avertissement. Un appel silencieux.<br data-2ab0be5a-87e2-4023-8284-68bcf760b36c-37=\"true\">La nature n&rsquo;a pas besoin de nous. Mais nous avons d\u00e9sesp\u00e9r\u00e9ment besoin d&rsquo;elle.   <br data-2ab0be5a-87e2-4023-8284-68bcf760b36c-39=\"true\"><br data-2ab0be5a-87e2-4023-8284-68bcf760b36c-40=\"true\">Nous devons redonner de l&rsquo;espace.<br data-2ab0be5a-87e2-4023-8284-68bcf760b36c-42=\"true\">Avant qu&rsquo;il n&rsquo;y ait plus d&rsquo;espace sauvage \u00e0 parcourir.<\/p>\n","protected":false},"featured_media":6461,"comment_status":"closed","ping_status":"closed","template":"","meta":{"give_campaign_id":0},"product_brand":[],"product_cat":[115],"product_tag":[],"class_list":{"0":"post-6404","1":"product","2":"type-product","3":"status-publish","4":"has-post-thumbnail","6":"product_cat-livres","8":"first","9":"instock","10":"purchasable","11":"product-type-simple"},"_links":{"self":[{"href":"https:\/\/grietvanmalderen.com\/fr\/wp-json\/wp\/v2\/product\/6404","targetHints":{"allow":["GET"]}}],"collection":[{"href":"https:\/\/grietvanmalderen.com\/fr\/wp-json\/wp\/v2\/product"}],"about":[{"href":"https:\/\/grietvanmalderen.com\/fr\/wp-json\/wp\/v2\/types\/product"}],"replies":[{"embeddable":true,"href":"https:\/\/grietvanmalderen.com\/fr\/wp-json\/wp\/v2\/comments?post=6404"}],"wp:featuredmedia":[{"embeddable":true,"href":"https:\/\/grietvanmalderen.com\/fr\/wp-json\/wp\/v2\/media\/6461"}],"wp:attachment":[{"href":"https:\/\/grietvanmalderen.com\/fr\/wp-json\/wp\/v2\/media?parent=6404"}],"wp:term":[{"taxonomy":"product_brand","embeddable":true,"href":"https:\/\/grietvanmalderen.com\/fr\/wp-json\/wp\/v2\/product_brand?post=6404"},{"taxonomy":"product_cat","embeddable":true,"href":"https:\/\/grietvanmalderen.com\/fr\/wp-json\/wp\/v2\/product_cat?post=6404"},{"taxonomy":"product_tag","embeddable":true,"href":"https:\/\/grietvanmalderen.com\/fr\/wp-json\/wp\/v2\/product_tag?post=6404"}],"curies":[{"name":"wp","href":"https:\/\/api.w.org\/{rel}","templated":true}]}}