{"id":6401,"date":"2025-08-01T15:50:55","date_gmt":"2025-08-01T13:50:55","guid":{"rendered":"https:\/\/grietvanmalderen.com\/?post_type=product&#038;p=6401"},"modified":"2025-10-02T14:09:10","modified_gmt":"2025-10-02T12:09:10","slug":"desert-lion-magazine-edition-collector-a3","status":"publish","type":"product","link":"https:\/\/grietvanmalderen.com\/fr\/produit\/desert-lion-magazine-edition-collector-a3\/","title":{"rendered":"Magazine Lions du D\u00e9sert \u2013 \u00c9dition Collector A3<br>"},"content":{"rendered":"<p><span data-683aa698-0927-4c3f-bb2c-3df4856258e5-7=\"true\"><b data-683aa698-0927-4c3f-bb2c-3df4856258e5-32=\"true\">Format<\/b>: A3 - pour un impact maximal<\/span><\/p>\n<p><span data-683aa698-0927-4c3f-bb2c-3df4856258e5-7=\"true\"><strong>Langue :<\/strong> anglais<br data-683aa698-0927-4c3f-bb2c-3df4856258e5-35=\"true\"><b data-683aa698-0927-4c3f-bb2c-3df4856258e5-37=\"true\">Prix<\/b>: \u20ac45  <br data-683aa698-0927-4c3f-bb2c-3df4856258e5-43=\"true\"><\/span><\/p>\n<p>&nbsp;<\/p>\n<p><span data-683aa698-0927-4c3f-bb2c-3df4856258e5-7=\"true\">Une histoire puissante de survie, de r\u00e9silience et de l&rsquo;esprit sauvage de la Namibie.<br data-683aa698-0927-4c3f-bb2c-3df4856258e5-14=\"true\"><br data-683aa698-0927-4c3f-bb2c-3df4856258e5-15=\"true\">Ce magazine grand format A3 est plus qu&rsquo;un simple voyage visuel, c&rsquo;est un hommage \u00e0 l&rsquo;histoire extraordinaire de trois lionnes orphelines : <b data-683aa698-0927-4c3f-bb2c-3df4856258e5-17=\"true\">Alpha, Bravo et Charlie<\/b>.  <\/span><\/p>\n<p><span data-683aa698-0927-4c3f-bb2c-3df4856258e5-7=\"true\">Livr\u00e9s \u00e0 eux-m\u00eames dans le rude d\u00e9sert du Namib, ils se sont adapt\u00e9s d&rsquo;une mani\u00e8re que personne n&rsquo;aurait cru possible, qu&rsquo;il s&rsquo;agisse de chasser les girafes dans les lits ass\u00e9ch\u00e9s des rivi\u00e8res ou d&rsquo;enseigner \u00e0 la g\u00e9n\u00e9ration suivante comment chasser les phoques sur la c\u00f4te des Squelettes.<br data-683aa698-0927-4c3f-bb2c-3df4856258e5-20=\"true\"><br data-683aa698-0927-4c3f-bb2c-3df4856258e5-21=\"true\">L&rsquo;histoire a attir\u00e9 l&rsquo;attention du monde entier. Mais derri\u00e8re cette reconnaissance se cache un message plus profond, <b data-683aa698-0927-4c3f-bb2c-3df4856258e5-23=\"true\">sur la coexistence, le respect et la n\u00e9cessit\u00e9 urgente de prot\u00e9ger ce qui reste<\/b>. <br data-683aa698-0927-4c3f-bb2c-3df4856258e5-26=\"true\"><br data-683aa698-0927-4c3f-bb2c-3df4856258e5-27=\"true\">\u00c0 travers des images saisissantes et des textes courts mais puissants, cette \u00e9dition vous plonge au c\u0153ur d\u2019un des r\u00e9cits de conservation les plus \u00e9mouvants et porteurs d\u2019espoir de notre \u00e9poque.<br data-683aa698-0927-4c3f-bb2c-3df4856258e5-29=\"true\"><\/span><span data-683aa698-0927-4c3f-bb2c-3df4856258e5-7=\"true\"><br data-683aa698-0927-4c3f-bb2c-3df4856258e5-48=\"true\"><br data-683aa698-0927-4c3f-bb2c-3df4856258e5-49=\"true\">Poss\u00e9dez cette \u00e9dition sp\u00e9ciale.<br data-683aa698-0927-4c3f-bb2c-3df4856258e5-51=\"true\">Pas seulement pour votre table de salon, mais pour vous rappeler que <b data-683aa698-0927-4c3f-bb2c-3df4856258e5-53=\"true\">la faune a besoin d&rsquo;espace, pas de spectacle.<\/b><\/span><\/p>\n","protected":false},"excerpt":{"rendered":"<p>Ce magazine grand format A3 est plus qu&rsquo;un simple voyage visuel - c&rsquo;est un hommage \u00e0 l&rsquo;histoire extraordinaire de trois lionnes orphelines : Alpha, Bravo et Charlie. Livr\u00e9es \u00e0 elles-m\u00eames dans le rude d\u00e9sert du Namib, elles se sont adapt\u00e9es comme personne ne l&rsquo;aurait cru possible, qu&rsquo;il s&rsquo;agisse de chasser les girafes dans les lits ass\u00e9ch\u00e9s des rivi\u00e8res ou d&rsquo;enseigner \u00e0 la g\u00e9n\u00e9ration suivante comment chasser les phoques sur la c\u00f4te des Squelettes. <\/p>\n","protected":false},"featured_media":6425,"comment_status":"closed","ping_status":"closed","template":"","meta":{"give_campaign_id":0},"product_brand":[],"product_cat":[115],"product_tag":[],"class_list":{"0":"post-6401","1":"product","2":"type-product","3":"status-publish","4":"has-post-thumbnail","6":"product_cat-livres","8":"first","9":"instock","10":"purchasable","11":"product-type-simple"},"_links":{"self":[{"href":"https:\/\/grietvanmalderen.com\/fr\/wp-json\/wp\/v2\/product\/6401","targetHints":{"allow":["GET"]}}],"collection":[{"href":"https:\/\/grietvanmalderen.com\/fr\/wp-json\/wp\/v2\/product"}],"about":[{"href":"https:\/\/grietvanmalderen.com\/fr\/wp-json\/wp\/v2\/types\/product"}],"replies":[{"embeddable":true,"href":"https:\/\/grietvanmalderen.com\/fr\/wp-json\/wp\/v2\/comments?post=6401"}],"wp:featuredmedia":[{"embeddable":true,"href":"https:\/\/grietvanmalderen.com\/fr\/wp-json\/wp\/v2\/media\/6425"}],"wp:attachment":[{"href":"https:\/\/grietvanmalderen.com\/fr\/wp-json\/wp\/v2\/media?parent=6401"}],"wp:term":[{"taxonomy":"product_brand","embeddable":true,"href":"https:\/\/grietvanmalderen.com\/fr\/wp-json\/wp\/v2\/product_brand?post=6401"},{"taxonomy":"product_cat","embeddable":true,"href":"https:\/\/grietvanmalderen.com\/fr\/wp-json\/wp\/v2\/product_cat?post=6401"},{"taxonomy":"product_tag","embeddable":true,"href":"https:\/\/grietvanmalderen.com\/fr\/wp-json\/wp\/v2\/product_tag?post=6401"}],"curies":[{"name":"wp","href":"https:\/\/api.w.org\/{rel}","templated":true}]}}