{"id":4811,"date":"2025-03-05T09:59:02","date_gmt":"2025-03-05T08:59:02","guid":{"rendered":"https:\/\/grietv2.digistage.be\/product\/echarpes-kikoy-100-coton-3\/"},"modified":"2025-04-02T14:26:40","modified_gmt":"2025-04-02T12:26:40","slug":"echarpes-kikoy-100-coton-3","status":"publish","type":"product","link":"https:\/\/grietvanmalderen.com\/fr\/produit\/echarpes-kikoy-100-coton-3\/","title":{"rendered":"Echarpes Kikoy - 100 % coton"},"content":{"rendered":"<p><b data-4becb7b8-6a6f-4425-93e9-436cac465273-12=\"true\">L\u00e9ger. Intemporels. Polyvalent.<br data-4becb7b8-6a6f-4425-93e9-436cac465273-14=\"true\">Nos \u00e9charpes Kikoy tiss\u00e9es \u00e0 la main se d\u00e9clinent dans un m\u00e9lange vibrant de tons terreux et d&rsquo;inspiration oc\u00e9anique, ce qui en fait le parfait m\u00e9lange de tradition et d&rsquo;\u00e9l\u00e9gance moderne.  <br data-4becb7b8-6a6f-4425-93e9-436cac465273-25=\"true\"><\/b><\/p>\n<ul data-4becb7b8-6a6f-4425-93e9-436cac465273-26=\"true\">\n<li data-4becb7b8-6a6f-4425-93e9-436cac465273-27=\"true\">\ud83c\udf0a <b data-4becb7b8-6a6f-4425-93e9-436cac465273-29=\"true\">Teal &amp; Sand<\/b> - Inspir\u00e9 par les couleurs de la c\u00f4te africaine, un m\u00e9lange de bleus profonds, de beige sable et d&rsquo;accents roses doux.<\/li>\n<li data-4becb7b8-6a6f-4425-93e9-436cac465273-33=\"true\">\ud83c\udf3f <b data-4becb7b8-6a6f-4425-93e9-436cac465273-35=\"true\">Olive &amp; Ivoire<\/b> - Une fusion sophistiqu\u00e9e de verts discrets, de beiges chauds et de rayures blanches classiques, parfaite pour un look naturel.<\/li>\n<li data-4becb7b8-6a6f-4425-93e9-436cac465273-39=\"true\">\ud83d\udc99 <b data-4becb7b8-6a6f-4425-93e9-436cac465273-41=\"true\">Bleu profond et gris<\/b> - Une combinaison intemporelle qui s&rsquo;associe sans effort \u00e0 n&rsquo;importe quelle tenue.<\/li>\n<\/ul>\n<p><b data-4becb7b8-6a6f-4425-93e9-436cac465273-12=\"true\">\ud83d\udd39 Coton doux et respirant<br data-4becb7b8-6a6f-4425-93e9-436cac465273-48=\"true\">\ud83d\udd39 Design traditionnel tiss\u00e9 \u00e0 la main<br data-4becb7b8-6a6f-4425-93e9-436cac465273-52=\"true\">\ud83d\udd39 Plus vous le lavez, plus il devient doux<br data-4becb7b8-6a6f-4425-93e9-436cac465273-56=\"true\">\ud83d\udd39 Source et fabrication \u00e9thiques<br data-4becb7b8-6a6f-4425-93e9-436cac465273-60=\"true\"><br data-4becb7b8-6a6f-4425-93e9-436cac465273-61=\"true\">\u2728 Le style rencontre la tradition dans chaque fil.<\/b><\/p>\n","protected":false},"excerpt":{"rendered":"<p>L\u00e9ger. Intemporels. Polyvalent.Nos \u00e9charpes Kikoy tiss\u00e9es \u00e0 la main se d\u00e9clinent dans un m\u00e9lange vibrant de tons terreux et d&rsquo;inspiration oc\u00e9anique, ce qui en fait le parfait m\u00e9lange de tradition et d&rsquo;\u00e9l\u00e9gance moderne. \ud83c\udf0a Teal &amp; Sand - Inspir\u00e9 par les couleurs de la c\u00f4te africaine, un m\u00e9lange de bleus profonds, de beige sable et [&hellip;]<\/p>\n","protected":false},"featured_media":4666,"comment_status":"closed","ping_status":"closed","template":"","meta":{"give_campaign_id":0},"product_brand":[],"product_cat":[114],"product_tag":[],"class_list":{"0":"post-4811","1":"product","2":"type-product","3":"status-publish","4":"has-post-thumbnail","6":"product_cat-foulards","8":"first","9":"instock","10":"purchasable","11":"product-type-simple"},"_links":{"self":[{"href":"https:\/\/grietvanmalderen.com\/fr\/wp-json\/wp\/v2\/product\/4811","targetHints":{"allow":["GET"]}}],"collection":[{"href":"https:\/\/grietvanmalderen.com\/fr\/wp-json\/wp\/v2\/product"}],"about":[{"href":"https:\/\/grietvanmalderen.com\/fr\/wp-json\/wp\/v2\/types\/product"}],"replies":[{"embeddable":true,"href":"https:\/\/grietvanmalderen.com\/fr\/wp-json\/wp\/v2\/comments?post=4811"}],"wp:featuredmedia":[{"embeddable":true,"href":"https:\/\/grietvanmalderen.com\/fr\/wp-json\/wp\/v2\/media\/4666"}],"wp:attachment":[{"href":"https:\/\/grietvanmalderen.com\/fr\/wp-json\/wp\/v2\/media?parent=4811"}],"wp:term":[{"taxonomy":"product_brand","embeddable":true,"href":"https:\/\/grietvanmalderen.com\/fr\/wp-json\/wp\/v2\/product_brand?post=4811"},{"taxonomy":"product_cat","embeddable":true,"href":"https:\/\/grietvanmalderen.com\/fr\/wp-json\/wp\/v2\/product_cat?post=4811"},{"taxonomy":"product_tag","embeddable":true,"href":"https:\/\/grietvanmalderen.com\/fr\/wp-json\/wp\/v2\/product_tag?post=4811"}],"curies":[{"name":"wp","href":"https:\/\/api.w.org\/{rel}","templated":true}]}}