{"id":4808,"date":"2024-11-21T12:17:44","date_gmt":"2024-11-21T11:17:44","guid":{"rendered":"https:\/\/grietvanmalderen.com\/product\/les-ames-sauvages\/"},"modified":"2025-05-12T09:34:46","modified_gmt":"2025-05-12T07:34:46","slug":"wild-souls","status":"publish","type":"product","link":"https:\/\/grietvanmalderen.com\/fr\/produit\/wild-souls\/","title":{"rendered":"Wild Souls"},"content":{"rendered":"<div class=\"elementor-element elementor-element-3cc14a6 elementor-widget elementor-widget-heading\" data-id=\"3cc14a6\" data-element_type=\"widget\" data-widget_type=\"heading.default\">\n<div class=\"elementor-widget-container\">\n<p>\u00ab\u00a0Je n&rsquo;aurais jamais imagin\u00e9 publier un jour un livre de mes photos, et encore moins devenir photographe animalier. Il \u00e9tait temps de partager avec vous mes plus belles \u00e9motions ! Pour la premi\u00e8re fois, Wild Souls rassemble toutes les photos de l&rsquo;artiste, de ses plus grands succ\u00e8s aux exclusivit\u00e9s. Le r\u00e9sultat d&rsquo;heures de patience, d&rsquo;observation silencieuse pour que la magie op\u00e8re, la r\u00e9flexion respectueuse d&rsquo;un moment d&rsquo;\u00e9change avec l&rsquo;animal ; \u00ab\u00a0Pour vous \u00e9mouvoir, pour vous encourager aussi dans la responsabilit\u00e9 de pr\u00e9server pour nos g\u00e9n\u00e9rations futures la richesse de la vie sauvage !<\/p>\n<p>&nbsp;<\/p>\n<h3>A propos de l&rsquo;auteur<\/h3>\n<p>Griet Van Malderen est originaire de Buggenhout. Elle a commenc\u00e9 son exploration artistique par un simple voyage familial en Afrique du Sud en 2008. Conquise par la vie sauvage, elle d\u00e9cide de prendre du recul par rapport \u00e0 ses activit\u00e9s professionnelles pour se consacrer \u00e0 sa nouvelle passion : la photographie animali\u00e8re. Ces derni\u00e8res ann\u00e9es, elle a principalement voyag\u00e9 en Afrique, d&rsquo;est en ouest, du nord au sud. Du Kenya \u00e0 la Namibie et \u00e0 l&rsquo;Afrique du Sud, en passant par le Botswana, l&rsquo;\u00c9thiopie et le Zimbabwe, mais aussi les paysages du Tchad, du Br\u00e9sil, de Born\u00e9o et de l&rsquo;Antarctique.<\/p>\n<p>&nbsp;<\/p>\n<h3>\u00c9dition sp\u00e9ciale Offset<\/h3>\n<p>\u00c9dition limit\u00e9e Livre + 1 tirage num\u00e9rot\u00e9 et sign\u00e9 28 x 28 cm<\/p>\n<p>&nbsp;<\/p>\n<h3>Sp\u00e9cifications du livre<\/h3>\n<ul>\n<li>Poids sans emballage : 2 Kg<\/li>\n<li>Avec l&#8217;emballage : 2,5 Kg<\/li>\n<li>189 pages,<\/li>\n<li>Papier : Tatami blanc 150 gr<\/li>\n<li>Impression offset<\/li>\n<li>Pelliculage mat r\u00e9sistant<\/li>\n<li>Livre reli\u00e9 cousu.<\/li>\n<li>Ouvert : 59,4 x 29,4<\/li>\n<li>Ferm\u00e9 : 59,7 x 29,7<\/li>\n<\/ul>\n<\/div>\n<\/div>\n","protected":false},"excerpt":{"rendered":"<p>\u00ab\u00a0Je n&rsquo;avais jamais imagin\u00e9 que je publierais un jour un livre de mes photos, et encore moins que je deviendrais photographe animalier.<\/p>\n","protected":false},"featured_media":4552,"comment_status":"closed","ping_status":"closed","template":"","meta":{"give_campaign_id":0},"product_brand":[],"product_cat":[115],"product_tag":[],"class_list":{"0":"post-4808","1":"product","2":"type-product","3":"status-publish","4":"has-post-thumbnail","6":"product_cat-livres","8":"first","9":"instock","10":"purchasable","11":"product-type-variable","12":"has-default-attributes"},"_links":{"self":[{"href":"https:\/\/grietvanmalderen.com\/fr\/wp-json\/wp\/v2\/product\/4808","targetHints":{"allow":["GET"]}}],"collection":[{"href":"https:\/\/grietvanmalderen.com\/fr\/wp-json\/wp\/v2\/product"}],"about":[{"href":"https:\/\/grietvanmalderen.com\/fr\/wp-json\/wp\/v2\/types\/product"}],"replies":[{"embeddable":true,"href":"https:\/\/grietvanmalderen.com\/fr\/wp-json\/wp\/v2\/comments?post=4808"}],"wp:featuredmedia":[{"embeddable":true,"href":"https:\/\/grietvanmalderen.com\/fr\/wp-json\/wp\/v2\/media\/4552"}],"wp:attachment":[{"href":"https:\/\/grietvanmalderen.com\/fr\/wp-json\/wp\/v2\/media?parent=4808"}],"wp:term":[{"taxonomy":"product_brand","embeddable":true,"href":"https:\/\/grietvanmalderen.com\/fr\/wp-json\/wp\/v2\/product_brand?post=4808"},{"taxonomy":"product_cat","embeddable":true,"href":"https:\/\/grietvanmalderen.com\/fr\/wp-json\/wp\/v2\/product_cat?post=4808"},{"taxonomy":"product_tag","embeddable":true,"href":"https:\/\/grietvanmalderen.com\/fr\/wp-json\/wp\/v2\/product_tag?post=4808"}],"curies":[{"name":"wp","href":"https:\/\/api.w.org\/{rel}","templated":true}]}}