{"id":4804,"date":"2025-03-05T17:27:47","date_gmt":"2025-03-05T16:27:47","guid":{"rendered":"https:\/\/grietvanmalderen.com\/product\/kikoy-lounge-pants-se-detendre-avec-style\/"},"modified":"2025-04-02T14:26:38","modified_gmt":"2025-04-02T12:26:38","slug":"kikoy-lounge-pants-se-detendre-avec-style","status":"publish","type":"product","link":"https:\/\/grietvanmalderen.com\/fr\/produit\/kikoy-lounge-pants-se-detendre-avec-style\/","title":{"rendered":"Kikoy Lounge Pants - Se d\u00e9tendre avec style"},"content":{"rendered":"<p><span data-b8411291-6ad2-4e96-a2e2-bd59ee36bf89-7=\"true\">D\u00e9tendez-vous dans cet <b data-b8411291-6ad2-4e96-a2e2-bd59ee36bf89-122=\"true\">ensemble respirant et chic sans effort<\/b>, compos\u00e9 d&rsquo;une <b data-b8411291-6ad2-4e96-a2e2-bd59ee36bf89-125=\"true\">robe de chambre de style kimono et d&rsquo;un pantalon assorti<\/b>:<br data-b8411291-6ad2-4e96-a2e2-bd59ee36bf89-128=\"true\"><\/span><\/p>\n<ul data-b8411291-6ad2-4e96-a2e2-bd59ee36bf89-129=\"true\">\n<li data-b8411291-6ad2-4e96-a2e2-bd59ee36bf89-130=\"true\">\ud83c\udf3e <b data-b8411291-6ad2-4e96-a2e2-bd59ee36bf89-132=\"true\">Earthy Khaki &amp; Ocean Teal<\/b> - Un m\u00e9lange chaud et rafra\u00eechissant de brun dor\u00e9 et de tons marins profonds.<\/li>\n<\/ul>\n<p><span data-b8411291-6ad2-4e96-a2e2-bd59ee36bf89-7=\"true\">\u2714\ufe0f <b data-b8411291-6ad2-4e96-a2e2-bd59ee36bf89-137=\"true\">Coupe confortable pour une utilisation tout au long de la journ\u00e9e<\/b><br data-b8411291-6ad2-4e96-a2e2-bd59ee36bf89-139=\"true\">\u2714\ufe0f <b data-b8411291-6ad2-4e96-a2e2-bd59ee36bf89-141=\"true\">Doux, durable et naturellement respirant<\/b><br data-b8411291-6ad2-4e96-a2e2-bd59ee36bf89-143=\"true\">\u2714\ufe0f <b data-b8411291-6ad2-4e96-a2e2-bd59ee36bf89-145=\"true\">Motifs tiss\u00e9s \u00e0 la main inspir\u00e9s de l&rsquo;h\u00e9ritage africain<\/b><br data-b8411291-6ad2-4e96-a2e2-bd59ee36bf89-147=\"true\">\u2714\ufe0f <b data-b8411291-6ad2-4e96-a2e2-bd59ee36bf89-149=\"true\">Plus vous le lavez, plus il devient doux.<\/b><br data-b8411291-6ad2-4e96-a2e2-bd59ee36bf89-151=\"true\"><br data-b8411291-6ad2-4e96-a2e2-bd59ee36bf89-152=\"true\">\ud83c\udf3f <b data-b8411291-6ad2-4e96-a2e2-bd59ee36bf89-154=\"true\">La durabilit\u00e9 rencontre le style sans effort.<\/b><\/span><\/p>\n","protected":false},"excerpt":{"rendered":"<p>D\u00e9tendez-vous dans cet ensemble respirant et chic sans effort, compos\u00e9 d&rsquo;une robe de chambre de style kimono et d&rsquo;un pantalon assorti: \ud83c\udf3e Earthy Khaki &amp; Ocean Teal - Un m\u00e9lange chaud et rafra\u00eechissant de brun dor\u00e9 et de tons marins profonds. \u2714\ufe0f Coupe confortable pour une utilisation tout au long de la journ\u00e9e\u2714\ufe0f Doux, durable [&hellip;]<\/p>\n","protected":false},"featured_media":4656,"comment_status":"closed","ping_status":"closed","template":"","meta":{"give_campaign_id":0},"product_brand":[],"product_cat":[112],"product_tag":[],"class_list":{"0":"post-4804","1":"product","2":"type-product","3":"status-publish","4":"has-post-thumbnail","6":"product_cat-vetements","8":"first","9":"instock","10":"purchasable","11":"product-type-variable"},"_links":{"self":[{"href":"https:\/\/grietvanmalderen.com\/fr\/wp-json\/wp\/v2\/product\/4804","targetHints":{"allow":["GET"]}}],"collection":[{"href":"https:\/\/grietvanmalderen.com\/fr\/wp-json\/wp\/v2\/product"}],"about":[{"href":"https:\/\/grietvanmalderen.com\/fr\/wp-json\/wp\/v2\/types\/product"}],"replies":[{"embeddable":true,"href":"https:\/\/grietvanmalderen.com\/fr\/wp-json\/wp\/v2\/comments?post=4804"}],"wp:featuredmedia":[{"embeddable":true,"href":"https:\/\/grietvanmalderen.com\/fr\/wp-json\/wp\/v2\/media\/4656"}],"wp:attachment":[{"href":"https:\/\/grietvanmalderen.com\/fr\/wp-json\/wp\/v2\/media?parent=4804"}],"wp:term":[{"taxonomy":"product_brand","embeddable":true,"href":"https:\/\/grietvanmalderen.com\/fr\/wp-json\/wp\/v2\/product_brand?post=4804"},{"taxonomy":"product_cat","embeddable":true,"href":"https:\/\/grietvanmalderen.com\/fr\/wp-json\/wp\/v2\/product_cat?post=4804"},{"taxonomy":"product_tag","embeddable":true,"href":"https:\/\/grietvanmalderen.com\/fr\/wp-json\/wp\/v2\/product_tag?post=4804"}],"curies":[{"name":"wp","href":"https:\/\/api.w.org\/{rel}","templated":true}]}}