{"id":4800,"date":"2025-03-05T17:29:57","date_gmt":"2025-03-05T16:29:57","guid":{"rendered":"https:\/\/grietvanmalderen.com\/product\/kikoy-robe-lessence-de-lelegance-decontractee\/"},"modified":"2025-04-02T14:26:40","modified_gmt":"2025-04-02T12:26:40","slug":"kikoy-robe-lessence-de-lelegance-decontractee","status":"publish","type":"product","link":"https:\/\/grietvanmalderen.com\/fr\/produit\/kikoy-robe-lessence-de-lelegance-decontractee\/","title":{"rendered":"Kikoy Robe - L&rsquo;essence de l&rsquo;\u00e9l\u00e9gance d\u00e9contract\u00e9e"},"content":{"rendered":"<p><b data-b8411291-6ad2-4e96-a2e2-bd59ee36bf89-71=\"true\">Une touche d&rsquo;Afrique dans votre confort quotidien.<br data-b8411291-6ad2-4e96-a2e2-bd59ee36bf89-73=\"true\">Nos peignoirs l\u00e9gers Kikoy transforment la richesse des textiles africains en luxueux v\u00eatements d&rsquo;int\u00e9rieur. Choisissez parmi : <br data-b8411291-6ad2-4e96-a2e2-bd59ee36bf89-81=\"true\"><\/b><\/p>\n<ul data-b8411291-6ad2-4e96-a2e2-bd59ee36bf89-82=\"true\">\n<li data-b8411291-6ad2-4e96-a2e2-bd59ee36bf89-83=\"true\">\ud83e\udd0d <b data-b8411291-6ad2-4e96-a2e2-bd59ee36bf89-85=\"true\">Desert Beige &amp; Sage Green<\/b> - Une combinaison de couleurs calmes et terreuses, qui rappelle les paysages africains.<\/li>\n<li data-b8411291-6ad2-4e96-a2e2-bd59ee36bf89-89=\"true\">\ud83c\udf0a <b data-b8411291-6ad2-4e96-a2e2-bd59ee36bf89-91=\"true\">Turquoise &amp; Sand<\/b> - Un m\u00e9lange frais d&rsquo;inspiration c\u00f4ti\u00e8re, qui apporte la d\u00e9tente du bord de mer dans votre garde-robe.<\/li>\n<\/ul>\n<p><b data-b8411291-6ad2-4e96-a2e2-bd59ee36bf89-71=\"true\">\ud83d\udd38 Doux, respirant et facile \u00e0 porter<br data-b8411291-6ad2-4e96-a2e2-bd59ee36bf89-98=\"true\">\ud83d\udd38 Magnifiques rayures tiss\u00e9es \u00e0 la main pour un look intemporel<br data-b8411291-6ad2-4e96-a2e2-bd59ee36bf89-102=\"true\">\ud83d\udd38 Parfait pour toutes les saisons<br data-b8411291-6ad2-4e96-a2e2-bd59ee36bf89-106=\"true\">\ud83d\udd38 Plus vous le lavez, plus il devient doux<br data-b8411291-6ad2-4e96-a2e2-bd59ee36bf89-110=\"true\"><br data-b8411291-6ad2-4e96-a2e2-bd59ee36bf89-111=\"true\">\ud83d\udda4 Ressentez l&rsquo;esprit Wild Souls dans chaque point.<\/b><\/p>\n","protected":false},"excerpt":{"rendered":"<p>Une touche d&rsquo;Afrique dans votre confort quotidien.Nos peignoirs l\u00e9gers Kikoy transforment la richesse des textiles africains en luxueux v\u00eatements d&rsquo;int\u00e9rieur. Choisissez parmi : \ud83e\udd0d Desert Beige &amp; Sage Green - Une combinaison de couleurs calmes et terreuses, qui rappelle les paysages africains. \ud83c\udf0a Turquoise &amp; Sand - Un m\u00e9lange frais d&rsquo;inspiration c\u00f4ti\u00e8re, qui apporte la [&hellip;]<\/p>\n","protected":false},"featured_media":4658,"comment_status":"closed","ping_status":"closed","template":"","meta":{"give_campaign_id":0},"product_brand":[],"product_cat":[112],"product_tag":[],"class_list":{"0":"post-4800","1":"product","2":"type-product","3":"status-publish","4":"has-post-thumbnail","6":"product_cat-vetements","8":"first","9":"instock","10":"purchasable","11":"product-type-variable"},"_links":{"self":[{"href":"https:\/\/grietvanmalderen.com\/fr\/wp-json\/wp\/v2\/product\/4800","targetHints":{"allow":["GET"]}}],"collection":[{"href":"https:\/\/grietvanmalderen.com\/fr\/wp-json\/wp\/v2\/product"}],"about":[{"href":"https:\/\/grietvanmalderen.com\/fr\/wp-json\/wp\/v2\/types\/product"}],"replies":[{"embeddable":true,"href":"https:\/\/grietvanmalderen.com\/fr\/wp-json\/wp\/v2\/comments?post=4800"}],"wp:featuredmedia":[{"embeddable":true,"href":"https:\/\/grietvanmalderen.com\/fr\/wp-json\/wp\/v2\/media\/4658"}],"wp:attachment":[{"href":"https:\/\/grietvanmalderen.com\/fr\/wp-json\/wp\/v2\/media?parent=4800"}],"wp:term":[{"taxonomy":"product_brand","embeddable":true,"href":"https:\/\/grietvanmalderen.com\/fr\/wp-json\/wp\/v2\/product_brand?post=4800"},{"taxonomy":"product_cat","embeddable":true,"href":"https:\/\/grietvanmalderen.com\/fr\/wp-json\/wp\/v2\/product_cat?post=4800"},{"taxonomy":"product_tag","embeddable":true,"href":"https:\/\/grietvanmalderen.com\/fr\/wp-json\/wp\/v2\/product_tag?post=4800"}],"curies":[{"name":"wp","href":"https:\/\/api.w.org\/{rel}","templated":true}]}}