{"id":4796,"date":"2025-03-05T17:35:18","date_gmt":"2025-03-05T16:35:18","guid":{"rendered":"https:\/\/grietvanmalderen.com\/product\/sac-kikoy-100-coton-2\/"},"modified":"2025-04-02T14:26:40","modified_gmt":"2025-04-02T12:26:40","slug":"sac-kikoy-100-coton-2","status":"publish","type":"product","link":"https:\/\/grietvanmalderen.com\/fr\/produit\/sac-kikoy-100-coton-2\/","title":{"rendered":"Sac Kikoy - 100 % coton"},"content":{"rendered":"<p data-start=\"0\" data-end=\"29\"><strong data-start=\"0\" data-end=\"27\">Sac Kikoy - 100% coton<\/strong><\/p>\n<p data-start=\"31\" data-end=\"333\">Le <strong data-start=\"89\" data-end=\"102\">sac Kikoy<\/strong> est un m\u00e9lange parfait de tradition et de style. Il est fabriqu\u00e9 \u00e0 partir de <strong data-start=\"117\" data-end=\"137\">coton pur \u00e0 100 %<\/strong>. Inspir\u00e9 des tissus vibrants de l&rsquo;Afrique de l&rsquo;Est, ce sac l\u00e9ger mais durable est id\u00e9al pour un usage quotidien, que ce soit pour aller \u00e0 la plage, faire des courses ou explorer de nouvelles destinations. <\/p>\n<p data-start=\"335\" data-end=\"605\">Avec sa <strong data-start=\"344\" data-end=\"380\">texture douce et son design color\u00e9<\/strong>, le sac Kikoy ajoute une touche d&rsquo;\u00e9l\u00e9gance sans effort \u00e0 votre tenue, tout en garantissant confort et praticit\u00e9. Fabriqu\u00e9 de mani\u00e8re \u00e9thique et respectueuse de l&rsquo;environnement, ce n&rsquo;est pas seulement un sac, c&rsquo;est une d\u00e9claration de durabilit\u00e9 et d&rsquo;artisanat intemporel. <\/p>\n<p data-start=\"607\" data-end=\"653\"><strong data-start=\"607\" data-end=\"651\">Portez la culture. Portez la couleur. Portez Kikoy.  <\/strong><\/p>\n<p data-start=\"655\" data-end=\"812\" data-is-last-node=\"\" data-is-only-node=\"\">\u2728 <strong data-start=\"657\" data-end=\"669\">Mati\u00e8re<\/strong>: 100% coton<br data-start=\"682\" data-end=\"685\">\u2728 <strong data-start=\"687\" data-end=\"699\">Caract\u00e9ristiques<\/strong>: L\u00e9ger, respirant et durable<br data-start=\"737\" data-end=\"740\" data-is-only-node=\"\">\u2728 <strong data-start=\"742\" data-end=\"757\">Parfait pour<\/strong>: Voyage, shopping, plage et aventures de tous les jours.<\/p>\n","protected":false},"excerpt":{"rendered":"<p>Sac Kikoy - 100% coton Le sac Kikoy est un m\u00e9lange parfait de tradition et de style. Il est fabriqu\u00e9 \u00e0 partir de coton pur \u00e0 100 %. Inspir\u00e9 des tissus vibrants de l&rsquo;Afrique de l&rsquo;Est, ce sac l\u00e9ger mais durable est id\u00e9al pour un usage quotidien, que ce soit pour aller \u00e0 la plage, [&hellip;]<\/p>\n","protected":false},"featured_media":4662,"comment_status":"closed","ping_status":"closed","template":"","meta":{"give_campaign_id":0},"product_brand":[],"product_cat":[111],"product_tag":[],"class_list":{"0":"post-4796","1":"product","2":"type-product","3":"status-publish","4":"has-post-thumbnail","6":"product_cat-sacs","8":"first","9":"instock","10":"purchasable","11":"product-type-simple"},"_links":{"self":[{"href":"https:\/\/grietvanmalderen.com\/fr\/wp-json\/wp\/v2\/product\/4796","targetHints":{"allow":["GET"]}}],"collection":[{"href":"https:\/\/grietvanmalderen.com\/fr\/wp-json\/wp\/v2\/product"}],"about":[{"href":"https:\/\/grietvanmalderen.com\/fr\/wp-json\/wp\/v2\/types\/product"}],"replies":[{"embeddable":true,"href":"https:\/\/grietvanmalderen.com\/fr\/wp-json\/wp\/v2\/comments?post=4796"}],"wp:featuredmedia":[{"embeddable":true,"href":"https:\/\/grietvanmalderen.com\/fr\/wp-json\/wp\/v2\/media\/4662"}],"wp:attachment":[{"href":"https:\/\/grietvanmalderen.com\/fr\/wp-json\/wp\/v2\/media?parent=4796"}],"wp:term":[{"taxonomy":"product_brand","embeddable":true,"href":"https:\/\/grietvanmalderen.com\/fr\/wp-json\/wp\/v2\/product_brand?post=4796"},{"taxonomy":"product_cat","embeddable":true,"href":"https:\/\/grietvanmalderen.com\/fr\/wp-json\/wp\/v2\/product_cat?post=4796"},{"taxonomy":"product_tag","embeddable":true,"href":"https:\/\/grietvanmalderen.com\/fr\/wp-json\/wp\/v2\/product_tag?post=4796"}],"curies":[{"name":"wp","href":"https:\/\/api.w.org\/{rel}","templated":true}]}}