{"id":6239,"date":"2025-06-02T09:42:30","date_gmt":"2025-06-02T07:42:30","guid":{"rendered":"https:\/\/grietvanmalderen.com\/il-ne-reste-plus-que-70-lions-du-desert-allons-nous-les-laisser-disparaitre\/"},"modified":"2025-06-02T10:24:14","modified_gmt":"2025-06-02T08:24:14","slug":"il-ne-reste-plus-que-70-lions-du-desert-allons-nous-les-laisser-disparaitre","status":"publish","type":"page","link":"https:\/\/grietvanmalderen.com\/fr\/il-ne-reste-plus-que-70-lions-du-desert-allons-nous-les-laisser-disparaitre\/","title":{"rendered":"Il ne reste plus que 70 lions du d\u00e9sert - allons-nous les laisser dispara\u00eetre ?"},"content":{"rendered":"\t\t<div data-elementor-type=\"wp-page\" data-elementor-id=\"6239\" class=\"elementor elementor-6239 elementor-6228\" data-elementor-post-type=\"page\">\n\t\t\t\t<div class=\"elementor-element elementor-element-c74c819 e-flex e-con-boxed e-con e-parent\" data-id=\"c74c819\" data-element_type=\"container\" data-e-type=\"container\" data-settings=\"{&quot;jet_parallax_layout_list&quot;:[]}\">\n\t\t\t\t\t<div class=\"e-con-inner\">\n\t\t<div class=\"elementor-element elementor-element-1c7dcdd e-con-full e-flex e-con e-child\" data-id=\"1c7dcdd\" data-element_type=\"container\" data-e-type=\"container\" data-settings=\"{&quot;jet_parallax_layout_list&quot;:[]}\">\n\t\t\t\t<div class=\"elementor-element elementor-element-da591dd elementor-widget elementor-widget-heading\" data-id=\"da591dd\" data-element_type=\"widget\" data-e-type=\"widget\" data-widget_type=\"heading.default\">\n\t\t\t\t<div class=\"elementor-widget-container\">\n\t\t\t\t\t<h2 class=\"elementor-heading-title elementor-size-default\">Il ne reste plus que 70 lions du d\u00e9sert - allons-nous les laisser dispara\u00eetre ?<\/h2>\t\t\t\t<\/div>\n\t\t\t\t<\/div>\n\t\t\t\t<div class=\"elementor-element elementor-element-e2e5702 elementor-widget elementor-widget-heading\" data-id=\"e2e5702\" data-element_type=\"widget\" data-e-type=\"widget\" data-widget_type=\"heading.default\">\n\t\t\t\t<div class=\"elementor-widget-container\">\n\t\t\t\t\t<h2 class=\"elementor-heading-title elementor-size-default\">Les lions du d\u00e9sert de Namibie sont en danger.<\/h2>\t\t\t\t<\/div>\n\t\t\t\t<\/div>\n\t\t\t\t<div class=\"elementor-element elementor-element-e072f27 elementor-widget-divider--view-line elementor-widget elementor-widget-divider\" data-id=\"e072f27\" data-element_type=\"widget\" data-e-type=\"widget\" data-widget_type=\"divider.default\">\n\t\t\t\t<div class=\"elementor-widget-container\">\n\t\t\t\t\t\t\t<div class=\"elementor-divider\">\n\t\t\t<span class=\"elementor-divider-separator\">\n\t\t\t\t\t\t<\/span>\n\t\t<\/div>\n\t\t\t\t\t\t<\/div>\n\t\t\t\t<\/div>\n\t\t\t\t<div class=\"elementor-element elementor-element-e4efac0 elementor-widget elementor-widget-text-editor\" data-id=\"e4efac0\" data-element_type=\"widget\" data-e-type=\"widget\" data-widget_type=\"text-editor.default\">\n\t\t\t\t<div class=\"elementor-widget-container\">\n\t\t\t\t\t\t\t\t\t<p><span data-7a4c4408-1101-4411-8619-86af15ee6848-7=\"true\">Dans la r\u00e9gion recul\u00e9e de la Skeleton Coast, en Namibie, une poign\u00e9e de lions survivent l\u00e0 o\u00f9 la vie devrait \u00eatre impossible. Ce sont les derniers vrais <b data-7a4c4408-1101-4411-8619-86af15ee6848-70=\"true\">lions adapt\u00e9s au d\u00e9sert :<\/b> <b data-7a4c4408-1101-4411-8619-86af15ee6848-73=\"true\">il en reste moins de 70<\/b> \u00e0 l&rsquo;\u00e9tat sauvage. <br data-7a4c4408-1101-4411-8619-86af15ee6848-76=\"true\"><br data-7a4c4408-1101-4411-8619-86af15ee6848-77=\"true\">Ils chassent les oiseaux de mer et les phoques. Ils endurent une chaleur torride, des dunes sans fin et des semaines sans eau. Leur existence est l&rsquo;une des histoires les plus remarquables de la vie sauvage sur Terre, et l&rsquo;une des plus menac\u00e9es.  <br data-7a4c4408-1101-4411-8619-86af15ee6848-79=\"true\"><br data-7a4c4408-1101-4411-8619-86af15ee6848-80=\"true\"><b data-7a4c4408-1101-4411-8619-86af15ee6848-81=\"true\">Sans une aide imm\u00e9diate, leur histoire risque de s&rsquo;arr\u00eater.<\/b><br data-7a4c4408-1101-4411-8619-86af15ee6848-83=\"true\"><br data-7a4c4408-1101-4411-8619-86af15ee6848-84=\"true\">Le Dr Philip Stander a pass\u00e9 plus de 20 ans \u00e0 documenter et \u00e0 prot\u00e9ger ces lions. Seul dans le d\u00e9sert, il suit leurs d\u00e9placements, \u00e9tudie leur comportement et intervient lorsque les conflits entre l&rsquo;homme et la faune les mettent en danger. Mais ce travail vital a un besoin urgent de financement pour les colliers satellites, le carburant, les r\u00e9parations des v\u00e9hicules et la survie sur le terrain.  <br data-7a4c4408-1101-4411-8619-86af15ee6848-86=\"true\"><br data-7a4c4408-1101-4411-8619-86af15ee6848-87=\"true\"><b data-7a4c4408-1101-4411-8619-86af15ee6848-88=\"true\">Vous pouvez nous aider. Chaque don est directement affect\u00e9 au projet de conservation du lion du d\u00e9sert. <\/b><\/span><\/p>\t\t\t\t\t\t\t\t<\/div>\n\t\t\t\t<\/div>\n\t\t\t\t<div class=\"elementor-element elementor-element-c2120d6 elementor-align-left elementor-widget elementor-widget-button\" data-id=\"c2120d6\" data-element_type=\"widget\" data-e-type=\"widget\" data-widget_type=\"button.default\">\n\t\t\t\t<div class=\"elementor-widget-container\">\n\t\t\t\t\t\t\t\t\t<div class=\"elementor-button-wrapper\">\n\t\t\t\t\t<a class=\"elementor-button elementor-button-link elementor-size-sm\" href=\"#donateForm\">\n\t\t\t\t\t\t<span class=\"elementor-button-content-wrapper\">\n\t\t\t\t\t\t\t\t\t<span class=\"elementor-button-text\">FAITES UN DON MAINTENANT<\/span>\n\t\t\t\t\t<\/span>\n\t\t\t\t\t<\/a>\n\t\t\t\t<\/div>\n\t\t\t\t\t\t\t\t<\/div>\n\t\t\t\t<\/div>\n\t\t\t\t<div class=\"elementor-element elementor-element-64d0e4e elementor-widget elementor-widget-text-editor\" data-id=\"64d0e4e\" data-element_type=\"widget\" data-e-type=\"widget\" data-widget_type=\"text-editor.default\">\n\t\t\t\t<div class=\"elementor-widget-container\">\n\t\t\t\t\t\t\t\t\t<p><span data-7a4c4408-1101-4411-8619-86af15ee6848-7=\"true\">Et pour garantir une transparence totale, je fournirai personnellement une preuve de paiement apr\u00e8s chaque don.<br data-7a4c4408-1101-4411-8619-86af15ee6848-97=\"true\"><br data-7a4c4408-1101-4411-8619-86af15ee6848-98=\"true\">Ne laissons pas le d\u00e9sert se taire. Gardons cette esp\u00e8ce extraordinaire en vie. <br data-7a4c4408-1101-4411-8619-86af15ee6848-100=\"true\"><br data-7a4c4408-1101-4411-8619-86af15ee6848-101=\"true\">Avec gratitude et espoir,<br data-7a4c4408-1101-4411-8619-86af15ee6848-103=\"true\"><b data-7a4c4408-1101-4411-8619-86af15ee6848-104=\"true\">Griet Van Malderen<\/b><br data-7a4c4408-1101-4411-8619-86af15ee6848-106=\"true\"><i data-7a4c4408-1101-4411-8619-86af15ee6848-107=\"true\">Photographe et d\u00e9fenseur du lion du d\u00e9sert<\/i><\/span><\/p>\t\t\t\t\t\t\t\t<\/div>\n\t\t\t\t<\/div>\n\t\t\t\t<\/div>\n\t\t<div class=\"elementor-element elementor-element-5831d78 e-con-full e-flex e-con e-child\" data-id=\"5831d78\" data-element_type=\"container\" data-e-type=\"container\" data-settings=\"{&quot;jet_parallax_layout_list&quot;:[]}\">\n\t\t\t\t<div class=\"elementor-element elementor-element-6b3e140 elementor-widget elementor-widget-text-editor\" data-id=\"6b3e140\" data-element_type=\"widget\" data-e-type=\"widget\" data-widget_type=\"text-editor.default\">\n\t\t\t\t<div class=\"elementor-widget-container\">\n\t\t\t\t\t\t\t\t\t<p><a href=\"https:\/\/grietvanmalderen.com\/fr\/faire-un-don\/\">&lt;- <span style=\"font-family:'times new roman', sans-serif\">Retour aux dons<\/span><\/a><\/p>\t\t\t\t\t\t\t\t<\/div>\n\t\t\t\t<\/div>\n\t\t\t\t<div class=\"elementor-element elementor-element-dd2d191 elementor-widget elementor-widget-image\" data-id=\"dd2d191\" data-element_type=\"widget\" data-e-type=\"widget\" data-widget_type=\"image.default\">\n\t\t\t\t<div class=\"elementor-widget-container\">\n\t\t\t\t\t\t\t\t\t\t\t\t\t\t\t<img fetchpriority=\"high\" decoding=\"async\" width=\"800\" height=\"614\" src=\"https:\/\/grietvanmalderen.com\/wp-content\/uploads\/2025\/06\/DSCF2574_16bit-2-3-2-1024x786.jpg\" class=\"attachment-large size-large wp-image-6226\" alt=\"\" srcset=\"https:\/\/grietvanmalderen.com\/wp-content\/uploads\/2025\/06\/DSCF2574_16bit-2-3-2-1024x786.jpg 1024w, https:\/\/grietvanmalderen.com\/wp-content\/uploads\/2025\/06\/DSCF2574_16bit-2-3-2-300x230.jpg 300w, https:\/\/grietvanmalderen.com\/wp-content\/uploads\/2025\/06\/DSCF2574_16bit-2-3-2-768x590.jpg 768w, https:\/\/grietvanmalderen.com\/wp-content\/uploads\/2025\/06\/DSCF2574_16bit-2-3-2-1536x1179.jpg 1536w, https:\/\/grietvanmalderen.com\/wp-content\/uploads\/2025\/06\/DSCF2574_16bit-2-3-2-600x461.jpg 600w, https:\/\/grietvanmalderen.com\/wp-content\/uploads\/2025\/06\/DSCF2574_16bit-2-3-2.jpg 1876w\" sizes=\"(max-width: 800px) 100vw, 800px\" \/>\t\t\t\t\t\t\t\t\t\t\t\t\t\t\t<\/div>\n\t\t\t\t<\/div>\n\t\t\t\t<\/div>\n\t\t\t\t\t<\/div>\n\t\t\t\t<\/div>\n\t\t<div class=\"elementor-element elementor-element-0fa8fd1 e-flex e-con-boxed e-con e-parent\" data-id=\"0fa8fd1\" data-element_type=\"container\" data-e-type=\"container\" id=\"donateForm\" data-settings=\"{&quot;jet_parallax_layout_list&quot;:[]}\">\n\t\t\t\t\t<div class=\"e-con-inner\">\n\t\t<div class=\"elementor-element elementor-element-8836ca9 e-con-full e-flex e-con e-child\" data-id=\"8836ca9\" data-element_type=\"container\" data-e-type=\"container\" data-settings=\"{&quot;jet_parallax_layout_list&quot;:[]}\">\n\t\t\t\t<div class=\"elementor-element elementor-element-0ba68da elementor-widget elementor-widget-image\" data-id=\"0ba68da\" data-element_type=\"widget\" data-e-type=\"widget\" data-widget_type=\"image.default\">\n\t\t\t\t<div class=\"elementor-widget-container\">\n\t\t\t\t\t\t\t\t\t\t\t\t\t\t\t<img decoding=\"async\" width=\"800\" height=\"600\" src=\"https:\/\/grietvanmalderen.com\/wp-content\/uploads\/2025\/06\/DSCF2581-2-2-1024x768.jpg\" class=\"attachment-large size-large wp-image-6234\" alt=\"\" srcset=\"https:\/\/grietvanmalderen.com\/wp-content\/uploads\/2025\/06\/DSCF2581-2-2-1024x768.jpg 1024w, https:\/\/grietvanmalderen.com\/wp-content\/uploads\/2025\/06\/DSCF2581-2-2-300x225.jpg 300w, https:\/\/grietvanmalderen.com\/wp-content\/uploads\/2025\/06\/DSCF2581-2-2-768x576.jpg 768w, https:\/\/grietvanmalderen.com\/wp-content\/uploads\/2025\/06\/DSCF2581-2-2-1536x1152.jpg 1536w, https:\/\/grietvanmalderen.com\/wp-content\/uploads\/2025\/06\/DSCF2581-2-2-600x450.jpg 600w, https:\/\/grietvanmalderen.com\/wp-content\/uploads\/2025\/06\/DSCF2581-2-2.jpg 2048w\" sizes=\"(max-width: 800px) 100vw, 800px\" \/>\t\t\t\t\t\t\t\t\t\t\t\t\t\t\t<\/div>\n\t\t\t\t<\/div>\n\t\t\t\t<\/div>\n\t\t<div class=\"elementor-element elementor-element-4fd1aca e-con-full e-flex e-con e-child\" data-id=\"4fd1aca\" data-element_type=\"container\" data-e-type=\"container\" data-settings=\"{&quot;jet_parallax_layout_list&quot;:[]}\">\n\t\t\t\t<div class=\"elementor-element elementor-element-12cf543 elementor-widget elementor-widget-Give Form\" data-id=\"12cf543\" data-element_type=\"widget\" data-e-type=\"widget\" data-widget_type=\"Give Form.default\">\n\t\t\t\t\t<div class=\"givewp-elementor-widget give-form-shortcode-wrap\"><div class='root-data-givewp-embed' data-form-locale='fr_FR' data-form-url='https:\/\/grietvanmalderen.com\/?post_type=give_forms&amp;p=6227' data-form-view-url='https:\/\/grietvanmalderen.com\/fr\/?givewp-route=donation-form-view&amp;form-id=6227' data-src='https:\/\/grietvanmalderen.com\/fr\/?givewp-route=donation-form-view&amp;form-id=6227' data-givewp-embed-id='give-form-shortcode-1' data-form-format='onpage' data-open-form-button='Continue to Donate' style='--givewp-primary-color: #0b72d9; --givewp-secondary-color: #27ae60;'><\/div><\/div>\t\t\t\t<\/div>\n\t\t\t\t<\/div>\n\t\t\t\t\t<\/div>\n\t\t\t\t<\/div>\n\t\t\t\t<\/div>\n\t\t","protected":false},"excerpt":{"rendered":"<p>Il ne reste plus que 70 lions du d\u00e9sert - allons-nous les laisser dispara\u00eetre ? Les lions du d\u00e9sert de Namibie sont en danger. Dans la r\u00e9gion recul\u00e9e de la Skeleton Coast, en Namibie, une poign\u00e9e de lions survivent l\u00e0 o\u00f9 la vie devrait \u00eatre impossible. Ce sont les derniers vrais lions adapt\u00e9s au d\u00e9sert [&hellip;]<\/p>\n","protected":false},"author":2,"featured_media":4679,"parent":0,"menu_order":0,"comment_status":"closed","ping_status":"closed","template":"elementor_header_footer","meta":{"give_campaign_id":0,"footnotes":""},"class_list":["post-6239","page","type-page","status-publish","has-post-thumbnail","hentry"],"campaignId":"","_links":{"self":[{"href":"https:\/\/grietvanmalderen.com\/fr\/wp-json\/wp\/v2\/pages\/6239","targetHints":{"allow":["GET"]}}],"collection":[{"href":"https:\/\/grietvanmalderen.com\/fr\/wp-json\/wp\/v2\/pages"}],"about":[{"href":"https:\/\/grietvanmalderen.com\/fr\/wp-json\/wp\/v2\/types\/page"}],"author":[{"embeddable":true,"href":"https:\/\/grietvanmalderen.com\/fr\/wp-json\/wp\/v2\/users\/2"}],"replies":[{"embeddable":true,"href":"https:\/\/grietvanmalderen.com\/fr\/wp-json\/wp\/v2\/comments?post=6239"}],"version-history":[{"count":2,"href":"https:\/\/grietvanmalderen.com\/fr\/wp-json\/wp\/v2\/pages\/6239\/revisions"}],"predecessor-version":[{"id":6268,"href":"https:\/\/grietvanmalderen.com\/fr\/wp-json\/wp\/v2\/pages\/6239\/revisions\/6268"}],"wp:featuredmedia":[{"embeddable":true,"href":"https:\/\/grietvanmalderen.com\/fr\/wp-json\/wp\/v2\/media\/4679"}],"wp:attachment":[{"href":"https:\/\/grietvanmalderen.com\/fr\/wp-json\/wp\/v2\/media?parent=6239"}],"curies":[{"name":"wp","href":"https:\/\/api.w.org\/{rel}","templated":true}]}}