{"id":6211,"date":"2025-06-02T09:37:20","date_gmt":"2025-06-02T07:37:20","guid":{"rendered":"https:\/\/grietvanmalderen.com\/les-geants-dafrique-sont-en-danger-ne-detournons-pas-le-regard\/"},"modified":"2025-06-02T09:39:47","modified_gmt":"2025-06-02T07:39:47","slug":"les-geants-dafrique-sont-en-danger-ne-detournons-pas-le-regard","status":"publish","type":"page","link":"https:\/\/grietvanmalderen.com\/fr\/les-geants-dafrique-sont-en-danger-ne-detournons-pas-le-regard\/","title":{"rendered":"Les g\u00e9ants d&rsquo;Afrique sont en danger - ne d\u00e9tournons pas le regard."},"content":{"rendered":"\t\t<div data-elementor-type=\"wp-page\" data-elementor-id=\"6211\" class=\"elementor elementor-6211 elementor-6202\" data-elementor-post-type=\"page\">\n\t\t\t\t<div class=\"elementor-element elementor-element-bd19b20 e-flex e-con-boxed e-con e-parent\" data-id=\"bd19b20\" data-element_type=\"container\" data-e-type=\"container\" data-settings=\"{&quot;jet_parallax_layout_list&quot;:[]}\">\n\t\t\t\t\t<div class=\"e-con-inner\">\n\t\t<div class=\"elementor-element elementor-element-3ff4cbe e-con-full e-flex e-con e-child\" data-id=\"3ff4cbe\" data-element_type=\"container\" data-e-type=\"container\" data-settings=\"{&quot;jet_parallax_layout_list&quot;:[]}\">\n\t\t\t\t<div class=\"elementor-element elementor-element-163b97e elementor-widget elementor-widget-heading\" data-id=\"163b97e\" data-element_type=\"widget\" data-e-type=\"widget\" data-widget_type=\"heading.default\">\n\t\t\t\t<div class=\"elementor-widget-container\">\n\t\t\t\t\t<h2 class=\"elementor-heading-title elementor-size-default\">Les g\u00e9ants d'Afrique sont en danger - ne d\u00e9tournons pas le regard.<\/h2>\t\t\t\t<\/div>\n\t\t\t\t<\/div>\n\t\t\t\t<div class=\"elementor-element elementor-element-5f5d7c4 elementor-widget elementor-widget-heading\" data-id=\"5f5d7c4\" data-element_type=\"widget\" data-e-type=\"widget\" data-widget_type=\"heading.default\">\n\t\t\t\t<div class=\"elementor-widget-container\">\n\t\t\t\t\t<h2 class=\"elementor-heading-title elementor-size-default\">Lorsque le financement \u00e9choue, ce sont les \u00e9l\u00e9phants qui paient le prix.<\/h2>\t\t\t\t<\/div>\n\t\t\t\t<\/div>\n\t\t\t\t<div class=\"elementor-element elementor-element-6bf48e3 elementor-widget-divider--view-line elementor-widget elementor-widget-divider\" data-id=\"6bf48e3\" data-element_type=\"widget\" data-e-type=\"widget\" data-widget_type=\"divider.default\">\n\t\t\t\t<div class=\"elementor-widget-container\">\n\t\t\t\t\t\t\t<div class=\"elementor-divider\">\n\t\t\t<span class=\"elementor-divider-separator\">\n\t\t\t\t\t\t<\/span>\n\t\t<\/div>\n\t\t\t\t\t\t<\/div>\n\t\t\t\t<\/div>\n\t\t\t\t<div class=\"elementor-element elementor-element-94ff89b elementor-widget elementor-widget-text-editor\" data-id=\"94ff89b\" data-element_type=\"widget\" data-e-type=\"widget\" data-widget_type=\"text-editor.default\">\n\t\t\t\t<div class=\"elementor-widget-container\">\n\t\t\t\t\t\t\t\t\t<p><span data-7a4c4408-1101-4411-8619-86af15ee6848-7=\"true\">Au cours des derni\u00e8res semaines, les \u00c9tats-Unis ont r\u00e9duit le financement des principaux programmes de conservation de la faune et de la flore en Afrique. Des organisations comme le <b data-7a4c4408-1101-4411-8619-86af15ee6848-17=\"true\">Tsavo Trust<\/b> et le <b data-7a4c4408-1101-4411-8619-86af15ee6848-20=\"true\">Mara Elephant Project, qui sont les gardiens<\/b>des grands tuskers et des populations d&rsquo;\u00e9l\u00e9phants, ont perdu <b data-7a4c4408-1101-4411-8619-86af15ee6848-23=\"true\">40 \u00e0 50 % de leur soutien du jour au lendemain<\/b>. <br data-7a4c4408-1101-4411-8619-86af15ee6848-26=\"true\"><br data-7a4c4408-1101-4411-8619-86af15ee6848-27=\"true\">Il ne s&rsquo;agit pas seulement de chiffres. Ce sont des traqueurs qui ne sont plus plac\u00e9s. Des gardes forestiers qui ne sont plus pay\u00e9s. D&rsquo;h\u00e9licopt\u00e8res clou\u00e9s au sol. Et en fin de compte, des \u00e9l\u00e9phants rendus plus vuln\u00e9rables au braconnage et aux conflits.    <br data-7a4c4408-1101-4411-8619-86af15ee6848-29=\"true\"><br data-7a4c4408-1101-4411-8619-86af15ee6848-30=\"true\">\u00c0 Tsavo, les derniers grands tuskers empruntent d&rsquo;anciens sentiers de plus en plus menac\u00e9s. Dans le Mara, les troupeaux se d\u00e9placent dans des paysages fragment\u00e9s o\u00f9 la protection n&rsquo;est plus garantie. <br data-7a4c4408-1101-4411-8619-86af15ee6848-32=\"true\"><br data-7a4c4408-1101-4411-8619-86af15ee6848-33=\"true\"><b data-7a4c4408-1101-4411-8619-86af15ee6848-34=\"true\">Mais nous pouvons encore vous aider.<\/b><br data-7a4c4408-1101-4411-8619-86af15ee6848-36=\"true\"><br data-7a4c4408-1101-4411-8619-86af15ee6848-37=\"true\">Si chacun d&rsquo;entre nous donne un peu, nous pouvons maintenir les patrouilles, les colliers et l&rsquo;espoir.<\/span><\/p>\t\t\t\t\t\t\t\t<\/div>\n\t\t\t\t<\/div>\n\t\t\t\t<div class=\"elementor-element elementor-element-291bbf0 elementor-align-left elementor-widget elementor-widget-button\" data-id=\"291bbf0\" data-element_type=\"widget\" data-e-type=\"widget\" data-widget_type=\"button.default\">\n\t\t\t\t<div class=\"elementor-widget-container\">\n\t\t\t\t\t\t\t\t\t<div class=\"elementor-button-wrapper\">\n\t\t\t\t\t<a class=\"elementor-button elementor-button-link elementor-size-sm\" href=\"#donateForm\">\n\t\t\t\t\t\t<span class=\"elementor-button-content-wrapper\">\n\t\t\t\t\t\t\t\t\t<span class=\"elementor-button-text\">FAITES UN DON MAINTENANT<\/span>\n\t\t\t\t\t<\/span>\n\t\t\t\t\t<\/a>\n\t\t\t\t<\/div>\n\t\t\t\t\t\t\t\t<\/div>\n\t\t\t\t<\/div>\n\t\t\t\t<div class=\"elementor-element elementor-element-03b6916 elementor-widget elementor-widget-text-editor\" data-id=\"03b6916\" data-element_type=\"widget\" data-e-type=\"widget\" data-widget_type=\"text-editor.default\">\n\t\t\t\t<div class=\"elementor-widget-container\">\n\t\t\t\t\t\t\t\t\t<p><span data-7a4c4408-1101-4411-8619-86af15ee6848-7=\"true\">Chaque contribution, aussi modeste soit-elle, permet de prot\u00e9ger les \u00e9l\u00e9phants embl\u00e9matiques d&rsquo;Afrique.<br data-7a4c4408-1101-4411-8619-86af15ee6848-46=\"true\"><br data-7a4c4408-1101-4411-8619-86af15ee6848-47=\"true\">N&rsquo;attendons pas les gros titres sur l&rsquo;extinction. Agissons d\u00e8s maintenant. <br data-7a4c4408-1101-4411-8619-86af15ee6848-49=\"true\"><br data-7a4c4408-1101-4411-8619-86af15ee6848-50=\"true\">Avec espoir,<br data-7a4c4408-1101-4411-8619-86af15ee6848-52=\"true\"><b data-7a4c4408-1101-4411-8619-86af15ee6848-53=\"true\">Griet Van Malderen<\/b><br data-7a4c4408-1101-4411-8619-86af15ee6848-55=\"true\"><i data-7a4c4408-1101-4411-8619-86af15ee6848-56=\"true\">Photographe de la faune et de la flore sauvages et d\u00e9fenseur de la conservation<\/i><\/span><\/p>\t\t\t\t\t\t\t\t<\/div>\n\t\t\t\t<\/div>\n\t\t\t\t<\/div>\n\t\t<div class=\"elementor-element elementor-element-e051da9 e-con-full e-flex e-con e-child\" data-id=\"e051da9\" data-element_type=\"container\" data-e-type=\"container\" data-settings=\"{&quot;jet_parallax_layout_list&quot;:[]}\">\n\t\t\t\t<div class=\"elementor-element elementor-element-576d20f elementor-widget elementor-widget-text-editor\" data-id=\"576d20f\" data-element_type=\"widget\" data-e-type=\"widget\" data-widget_type=\"text-editor.default\">\n\t\t\t\t<div class=\"elementor-widget-container\">\n\t\t\t\t\t\t\t\t\t<p><a href=\"https:\/\/grietvanmalderen.com\/fr\/faire-un-don\/\">&lt;- <span style=\"font-family:'times new roman', sans-serif\">Retour aux dons<\/span><\/a><\/p>\t\t\t\t\t\t\t\t<\/div>\n\t\t\t\t<\/div>\n\t\t\t\t<div class=\"elementor-element elementor-element-1ef1b92 elementor-widget elementor-widget-image\" data-id=\"1ef1b92\" data-element_type=\"widget\" data-e-type=\"widget\" data-widget_type=\"image.default\">\n\t\t\t\t<div class=\"elementor-widget-container\">\n\t\t\t\t\t\t\t\t\t\t\t\t\t\t\t<img fetchpriority=\"high\" decoding=\"async\" width=\"800\" height=\"600\" src=\"https:\/\/grietvanmalderen.com\/wp-content\/uploads\/2025\/06\/B0003880-2-1024x768.jpg\" class=\"attachment-large size-large wp-image-6200\" alt=\"\" srcset=\"https:\/\/grietvanmalderen.com\/wp-content\/uploads\/2025\/06\/B0003880-2-1024x768.jpg 1024w, https:\/\/grietvanmalderen.com\/wp-content\/uploads\/2025\/06\/B0003880-2-300x225.jpg 300w, https:\/\/grietvanmalderen.com\/wp-content\/uploads\/2025\/06\/B0003880-2-768x576.jpg 768w, https:\/\/grietvanmalderen.com\/wp-content\/uploads\/2025\/06\/B0003880-2-1536x1152.jpg 1536w, https:\/\/grietvanmalderen.com\/wp-content\/uploads\/2025\/06\/B0003880-2-600x450.jpg 600w, https:\/\/grietvanmalderen.com\/wp-content\/uploads\/2025\/06\/B0003880-2.jpg 1920w\" sizes=\"(max-width: 800px) 100vw, 800px\" \/>\t\t\t\t\t\t\t\t\t\t\t\t\t\t\t<\/div>\n\t\t\t\t<\/div>\n\t\t\t\t<\/div>\n\t\t\t\t\t<\/div>\n\t\t\t\t<\/div>\n\t\t<div class=\"elementor-element elementor-element-d5a4463 e-flex e-con-boxed e-con e-parent\" data-id=\"d5a4463\" data-element_type=\"container\" data-e-type=\"container\" data-settings=\"{&quot;jet_parallax_layout_list&quot;:[]}\">\n\t\t\t\t\t<div class=\"e-con-inner\">\n\t\t<div class=\"elementor-element elementor-element-9b33b87 e-con-full e-flex e-con e-child\" data-id=\"9b33b87\" data-element_type=\"container\" data-e-type=\"container\" data-settings=\"{&quot;jet_parallax_layout_list&quot;:[]}\">\n\t\t\t\t<div class=\"elementor-element elementor-element-6a35de8 elementor-widget elementor-widget-image\" data-id=\"6a35de8\" data-element_type=\"widget\" data-e-type=\"widget\" data-widget_type=\"image.default\">\n\t\t\t\t<div class=\"elementor-widget-container\">\n\t\t\t\t\t\t\t\t\t\t\t\t\t\t\t<img decoding=\"async\" width=\"800\" height=\"600\" src=\"https:\/\/grietvanmalderen.com\/wp-content\/uploads\/2025\/06\/B0003826-2-1024x768.jpg\" class=\"attachment-large size-large wp-image-6206\" alt=\"\" srcset=\"https:\/\/grietvanmalderen.com\/wp-content\/uploads\/2025\/06\/B0003826-2-1024x768.jpg 1024w, https:\/\/grietvanmalderen.com\/wp-content\/uploads\/2025\/06\/B0003826-2-300x225.jpg 300w, https:\/\/grietvanmalderen.com\/wp-content\/uploads\/2025\/06\/B0003826-2-768x576.jpg 768w, https:\/\/grietvanmalderen.com\/wp-content\/uploads\/2025\/06\/B0003826-2-1536x1152.jpg 1536w, https:\/\/grietvanmalderen.com\/wp-content\/uploads\/2025\/06\/B0003826-2-600x450.jpg 600w, https:\/\/grietvanmalderen.com\/wp-content\/uploads\/2025\/06\/B0003826-2.jpg 2048w\" sizes=\"(max-width: 800px) 100vw, 800px\" \/>\t\t\t\t\t\t\t\t\t\t\t\t\t\t\t<\/div>\n\t\t\t\t<\/div>\n\t\t\t\t<\/div>\n\t\t<div class=\"elementor-element elementor-element-4911562 e-con-full e-flex e-con e-child\" data-id=\"4911562\" data-element_type=\"container\" data-e-type=\"container\" id=\"donateForm\" data-settings=\"{&quot;jet_parallax_layout_list&quot;:[]}\">\n\t\t\t\t<div class=\"elementor-element elementor-element-e8cc8e8 elementor-widget elementor-widget-Give Form\" data-id=\"e8cc8e8\" data-element_type=\"widget\" data-e-type=\"widget\" data-widget_type=\"Give Form.default\">\n\t\t\t\t\t<div class=\"givewp-elementor-widget give-form-shortcode-wrap\"><div class='root-data-givewp-embed' data-form-locale='fr_FR' data-form-url='https:\/\/grietvanmalderen.com\/?post_type=give_forms&amp;p=6201' data-form-view-url='https:\/\/grietvanmalderen.com\/fr\/?givewp-route=donation-form-view&amp;form-id=6201' data-src='https:\/\/grietvanmalderen.com\/fr\/?givewp-route=donation-form-view&amp;form-id=6201' data-givewp-embed-id='give-form-shortcode-1' data-form-format='onpage' data-open-form-button='Continue to Donate' style='--givewp-primary-color: #0b72d9; --givewp-secondary-color: #27ae60;'><\/div><\/div>\t\t\t\t<\/div>\n\t\t\t\t<\/div>\n\t\t\t\t\t<\/div>\n\t\t\t\t<\/div>\n\t\t\t\t<\/div>\n\t\t","protected":false},"excerpt":{"rendered":"<p>Les g\u00e9ants d&rsquo;Afrique sont en danger - ne d\u00e9tournons pas le regard. Lorsque le financement \u00e9choue, ce sont les \u00e9l\u00e9phants qui paient le prix. Au cours des derni\u00e8res semaines, les \u00c9tats-Unis ont r\u00e9duit le financement des principaux programmes de conservation de la faune et de la flore en Afrique. Des organisations comme le Tsavo Trust [&hellip;]<\/p>\n","protected":false},"author":2,"featured_media":6200,"parent":0,"menu_order":0,"comment_status":"closed","ping_status":"closed","template":"elementor_header_footer","meta":{"give_campaign_id":0,"footnotes":""},"class_list":["post-6211","page","type-page","status-publish","has-post-thumbnail","hentry"],"campaignId":"","_links":{"self":[{"href":"https:\/\/grietvanmalderen.com\/fr\/wp-json\/wp\/v2\/pages\/6211","targetHints":{"allow":["GET"]}}],"collection":[{"href":"https:\/\/grietvanmalderen.com\/fr\/wp-json\/wp\/v2\/pages"}],"about":[{"href":"https:\/\/grietvanmalderen.com\/fr\/wp-json\/wp\/v2\/types\/page"}],"author":[{"embeddable":true,"href":"https:\/\/grietvanmalderen.com\/fr\/wp-json\/wp\/v2\/users\/2"}],"replies":[{"embeddable":true,"href":"https:\/\/grietvanmalderen.com\/fr\/wp-json\/wp\/v2\/comments?post=6211"}],"version-history":[{"count":3,"href":"https:\/\/grietvanmalderen.com\/fr\/wp-json\/wp\/v2\/pages\/6211\/revisions"}],"predecessor-version":[{"id":6223,"href":"https:\/\/grietvanmalderen.com\/fr\/wp-json\/wp\/v2\/pages\/6211\/revisions\/6223"}],"wp:featuredmedia":[{"embeddable":true,"href":"https:\/\/grietvanmalderen.com\/fr\/wp-json\/wp\/v2\/media\/6200"}],"wp:attachment":[{"href":"https:\/\/grietvanmalderen.com\/fr\/wp-json\/wp\/v2\/media?parent=6211"}],"curies":[{"name":"wp","href":"https:\/\/api.w.org\/{rel}","templated":true}]}}