{"id":4770,"date":"2024-11-20T16:46:57","date_gmt":"2024-11-20T15:46:57","guid":{"rendered":"https:\/\/grietvanmalderen.com\/faire-un-don\/"},"modified":"2026-05-08T13:45:24","modified_gmt":"2026-05-08T11:45:24","slug":"faire-un-don","status":"publish","type":"page","link":"https:\/\/grietvanmalderen.com\/fr\/faire-un-don\/","title":{"rendered":"Faire un don"},"content":{"rendered":"\t\t<div data-elementor-type=\"wp-page\" data-elementor-id=\"4770\" class=\"elementor elementor-4770 elementor-3268\" data-elementor-post-type=\"page\">\n\t\t\t\t<div class=\"elementor-element elementor-element-48cdbb6 e-con-full e-flex e-con e-parent\" data-id=\"48cdbb6\" data-element_type=\"container\" data-e-type=\"container\" data-settings=\"{&quot;jet_parallax_layout_list&quot;:[]}\">\n\t\t<div class=\"elementor-element elementor-element-ab809ea e-con-full e-flex e-con e-child\" data-id=\"ab809ea\" data-element_type=\"container\" data-e-type=\"container\" data-settings=\"{&quot;jet_parallax_layout_list&quot;:[]}\">\n\t\t\t\t<div class=\"elementor-element elementor-element-ab6f272 elementor-widget elementor-widget-heading\" data-id=\"ab6f272\" data-element_type=\"widget\" data-e-type=\"widget\" data-widget_type=\"heading.default\">\n\t\t\t\t<div class=\"elementor-widget-container\">\n\t\t\t\t\t<h2 class=\"elementor-heading-title elementor-size-default\">Chers amis du monde sauvage,<\/h2>\t\t\t\t<\/div>\n\t\t\t\t<\/div>\n\t\t\t\t<div class=\"elementor-element elementor-element-58bebe8 elementor-widget elementor-widget-text-editor\" data-id=\"58bebe8\" data-element_type=\"widget\" data-e-type=\"widget\" data-widget_type=\"text-editor.default\">\n\t\t\t\t<div class=\"elementor-widget-container\">\n\t\t\t\t\t\t\t\t\t<p><span style=\"font-weight: 400;\">\u00c0 travers mon objectif, j\u2019ai pass\u00e9 ma vie \u00e0 capturer la puissance tranquille et la beaut\u00e9 sauvage de la faune, des moments \u00e9ph\u00e9m\u00e8res qui r\u00e9v\u00e8lent \u00e0 la fois leur force et leur vuln\u00e9rabilit\u00e9. Ces images en noir et blanc sont plus que de simples photographies ; elles sont un rappel de ce qui est en jeu et un appel \u00e0 le prot\u00e9ger. <\/span><\/p><p><span style=\"font-weight: 400;\">Cette page soutient le travail essentiel des organisations de conservation d\u00e9di\u00e9es \u00e0 la sauvegarde des esp\u00e8ces et des paysages qui me tiennent tant \u00e0 c\u0153ur. Chaque contribution, quelle que soit sa taille, aide \u00e0 prot\u00e9ger ces animaux extraordinaires et les \u00e9cosyst\u00e8mes fragiles qu\u2019ils appellent leur foyer. <\/span><\/p><p><span style=\"font-weight: 400;\">Ensemble, nous pouvons nous assurer que la nature sauvage perdure, non seulement en images, mais aussi en r\u00e9alit\u00e9, pour les g\u00e9n\u00e9rations \u00e0 venir.<\/span><\/p><p><span style=\"font-weight: 400;\">Merci d\u2019en faire partie.<\/span><\/p><p><span style=\"font-weight: 400;\">Avec gratitude,<\/span><span style=\"font-weight: 400;\"><br\/><\/span><span style=\"font-weight: 400;\">Griet Van Malderen<\/span><\/p>\t\t\t\t\t\t\t\t<\/div>\n\t\t\t\t<\/div>\n\t\t\t\t<div class=\"elementor-element elementor-element-d89d59e elementor-widget elementor-widget-button\" data-id=\"d89d59e\" data-element_type=\"widget\" data-e-type=\"widget\" data-widget_type=\"button.default\">\n\t\t\t\t<div class=\"elementor-widget-container\">\n\t\t\t\t\t\t\t\t\t<div class=\"elementor-button-wrapper\">\n\t\t\t\t\t<a class=\"elementor-button elementor-button-link elementor-size-sm\" href=\"#donateForms\">\n\t\t\t\t\t\t<span class=\"elementor-button-content-wrapper\">\n\t\t\t\t\t\t\t\t\t<span class=\"elementor-button-text\">FAIRE UN DON<\/span>\n\t\t\t\t\t<\/span>\n\t\t\t\t\t<\/a>\n\t\t\t\t<\/div>\n\t\t\t\t\t\t\t\t<\/div>\n\t\t\t\t<\/div>\n\t\t\t\t<\/div>\n\t\t\t\t<div class=\"elementor-element elementor-element-c0cadf8 elementor-widget elementor-widget-image\" data-id=\"c0cadf8\" data-element_type=\"widget\" data-e-type=\"widget\" data-widget_type=\"image.default\">\n\t\t\t\t<div class=\"elementor-widget-container\">\n\t\t\t\t\t\t\t\t\t\t\t\t\t\t\t<img fetchpriority=\"high\" decoding=\"async\" width=\"600\" height=\"1024\" src=\"https:\/\/grietvanmalderen.com\/wp-content\/uploads\/2025\/03\/IMG_8850-1-600x1024.jpg\" class=\"attachment-large size-large wp-image-4678\" alt=\"\" srcset=\"https:\/\/grietvanmalderen.com\/wp-content\/uploads\/2025\/03\/IMG_8850-1-600x1024.jpg 600w, https:\/\/grietvanmalderen.com\/wp-content\/uploads\/2025\/03\/IMG_8850-1-176x300.jpg 176w, https:\/\/grietvanmalderen.com\/wp-content\/uploads\/2025\/03\/IMG_8850-1-768x1311.jpg 768w, https:\/\/grietvanmalderen.com\/wp-content\/uploads\/2025\/03\/IMG_8850-1-900x1536.jpg 900w, https:\/\/grietvanmalderen.com\/wp-content\/uploads\/2025\/03\/IMG_8850-1-157x268.jpg 157w, https:\/\/grietvanmalderen.com\/wp-content\/uploads\/2025\/03\/IMG_8850-1-1120x1911.jpg 1120w, https:\/\/grietvanmalderen.com\/wp-content\/uploads\/2025\/03\/IMG_8850-1-700x1195.jpg 700w, https:\/\/grietvanmalderen.com\/wp-content\/uploads\/2025\/03\/IMG_8850-1.jpg 1125w\" sizes=\"(max-width: 600px) 100vw, 600px\" \/>\t\t\t\t\t\t\t\t\t\t\t\t\t\t\t<\/div>\n\t\t\t\t<\/div>\n\t\t\t\t<\/div>\n\t\t<div class=\"elementor-element elementor-element-c3d664b e-flex e-con-boxed e-con e-parent\" data-id=\"c3d664b\" data-element_type=\"container\" data-e-type=\"container\" id=\"donateForms\" data-settings=\"{&quot;jet_parallax_layout_list&quot;:[]}\">\n\t\t\t\t\t<div class=\"e-con-inner\">\n\t\t\t\t<div class=\"elementor-element elementor-element-34c0b54 elementor-widget elementor-widget-heading\" data-id=\"34c0b54\" data-element_type=\"widget\" data-e-type=\"widget\" data-widget_type=\"heading.default\">\n\t\t\t\t<div class=\"elementor-widget-container\">\n\t\t\t\t\t<h2 class=\"elementor-heading-title elementor-size-default\">Gardons les esp\u00e8ces extraordinaires en vie :<\/h2>\t\t\t\t<\/div>\n\t\t\t\t<\/div>\n\t\t\t\t<div class=\"elementor-element elementor-element-59a1bd1 elementor-grid-2 elementor-grid-tablet-2 elementor-grid-mobile-1 elementor-posts--thumbnail-top elementor-posts--show-avatar elementor-card-shadow-yes elementor-posts__hover-gradient elementor-widget elementor-widget-posts\" data-id=\"59a1bd1\" data-element_type=\"widget\" data-e-type=\"widget\" data-settings=\"{&quot;cards_columns&quot;:&quot;2&quot;,&quot;cards_columns_tablet&quot;:&quot;2&quot;,&quot;cards_columns_mobile&quot;:&quot;1&quot;,&quot;cards_row_gap&quot;:{&quot;unit&quot;:&quot;px&quot;,&quot;size&quot;:35,&quot;sizes&quot;:[]},&quot;cards_row_gap_tablet&quot;:{&quot;unit&quot;:&quot;px&quot;,&quot;size&quot;:&quot;&quot;,&quot;sizes&quot;:[]},&quot;cards_row_gap_mobile&quot;:{&quot;unit&quot;:&quot;px&quot;,&quot;size&quot;:&quot;&quot;,&quot;sizes&quot;:[]}}\" data-widget_type=\"posts.cards\">\n\t\t\t\t<div class=\"elementor-widget-container\">\n\t\t\t\t\t\t\t<div class=\"elementor-posts-container elementor-posts elementor-posts--skin-cards elementor-grid\" role=\"list\">\n\t\t\t\t<article class=\"elementor-post elementor-grid-item post-6239 page type-page status-publish has-post-thumbnail hentry\" role=\"listitem\">\n\t\t\t<div class=\"elementor-post__card\">\n\t\t\t\t<a class=\"elementor-post__thumbnail__link\" href=\"https:\/\/grietvanmalderen.com\/fr\/il-ne-reste-plus-que-70-lions-du-desert-allons-nous-les-laisser-disparaitre\/\" tabindex=\"-1\" ><div class=\"elementor-post__thumbnail\"><img decoding=\"async\" width=\"768\" height=\"512\" src=\"https:\/\/grietvanmalderen.com\/wp-content\/uploads\/2025\/03\/DSC08285-1-2-768x512.jpg\" class=\"attachment-medium_large size-medium_large wp-image-4679\" alt=\"\" srcset=\"https:\/\/grietvanmalderen.com\/wp-content\/uploads\/2025\/03\/DSC08285-1-2-768x512.jpg 768w, https:\/\/grietvanmalderen.com\/wp-content\/uploads\/2025\/03\/DSC08285-1-2-300x200.jpg 300w, https:\/\/grietvanmalderen.com\/wp-content\/uploads\/2025\/03\/DSC08285-1-2-1024x683.jpg 1024w, https:\/\/grietvanmalderen.com\/wp-content\/uploads\/2025\/03\/DSC08285-1-2-1536x1024.jpg 1536w, https:\/\/grietvanmalderen.com\/wp-content\/uploads\/2025\/03\/DSC08285-1-2-400x268.jpg 400w, https:\/\/grietvanmalderen.com\/wp-content\/uploads\/2025\/03\/DSC08285-1-2-1120x746.jpg 1120w, https:\/\/grietvanmalderen.com\/wp-content\/uploads\/2025\/03\/DSC08285-1-2-700x467.jpg 700w, https:\/\/grietvanmalderen.com\/wp-content\/uploads\/2025\/03\/DSC08285-1-2.jpg 2048w\" sizes=\"(max-width: 768px) 100vw, 768px\" \/><\/div><\/a>\n\t\t\t\t<div class=\"elementor-post__avatar\">\n\t\t\t\t\t<\/div>\n\t\t\t\t<div class=\"elementor-post__text\">\n\t\t\t\t<h3 class=\"elementor-post__title\">\n\t\t\t<a href=\"https:\/\/grietvanmalderen.com\/fr\/il-ne-reste-plus-que-70-lions-du-desert-allons-nous-les-laisser-disparaitre\/\" >\n\t\t\t\tIl ne reste plus que 70 lions du d\u00e9sert - allons-nous les laisser dispara\u00eetre ?\t\t\t<\/a>\n\t\t<\/h3>\n\t\t\n\t\t<a class=\"elementor-post__read-more\" href=\"https:\/\/grietvanmalderen.com\/fr\/il-ne-reste-plus-que-70-lions-du-desert-allons-nous-les-laisser-disparaitre\/\" aria-label=\"En savoir plus sur Il ne reste plus que 70 lions du d\u00e9sert - allons-nous les laisser dispara\u00eetre ?\" tabindex=\"-1\" >\n\t\t\tFAIRE UN DON MAINTENANT\t\t<\/a>\n\n\t\t\t\t<\/div>\n\t\t\t\t\t<\/div>\n\t\t<\/article>\n\t\t\t\t<article class=\"elementor-post elementor-grid-item post-6211 page type-page status-publish has-post-thumbnail hentry\" role=\"listitem\">\n\t\t\t<div class=\"elementor-post__card\">\n\t\t\t\t<a class=\"elementor-post__thumbnail__link\" href=\"https:\/\/grietvanmalderen.com\/fr\/les-geants-dafrique-sont-en-danger-ne-detournons-pas-le-regard\/\" tabindex=\"-1\" ><div class=\"elementor-post__thumbnail\"><img decoding=\"async\" width=\"768\" height=\"576\" src=\"https:\/\/grietvanmalderen.com\/wp-content\/uploads\/2025\/06\/B0003880-2-768x576.jpg\" class=\"attachment-medium_large size-medium_large wp-image-6200\" alt=\"\" srcset=\"https:\/\/grietvanmalderen.com\/wp-content\/uploads\/2025\/06\/B0003880-2-768x576.jpg 768w, https:\/\/grietvanmalderen.com\/wp-content\/uploads\/2025\/06\/B0003880-2-300x225.jpg 300w, https:\/\/grietvanmalderen.com\/wp-content\/uploads\/2025\/06\/B0003880-2-1024x768.jpg 1024w, https:\/\/grietvanmalderen.com\/wp-content\/uploads\/2025\/06\/B0003880-2-1536x1152.jpg 1536w, https:\/\/grietvanmalderen.com\/wp-content\/uploads\/2025\/06\/B0003880-2-600x450.jpg 600w, https:\/\/grietvanmalderen.com\/wp-content\/uploads\/2025\/06\/B0003880-2.jpg 1920w\" sizes=\"(max-width: 768px) 100vw, 768px\" \/><\/div><\/a>\n\t\t\t\t<div class=\"elementor-post__avatar\">\n\t\t\t\t\t<\/div>\n\t\t\t\t<div class=\"elementor-post__text\">\n\t\t\t\t<h3 class=\"elementor-post__title\">\n\t\t\t<a href=\"https:\/\/grietvanmalderen.com\/fr\/les-geants-dafrique-sont-en-danger-ne-detournons-pas-le-regard\/\" >\n\t\t\t\tLes g\u00e9ants d&rsquo;Afrique sont en danger - ne d\u00e9tournons pas le regard.\t\t\t<\/a>\n\t\t<\/h3>\n\t\t\n\t\t<a class=\"elementor-post__read-more\" href=\"https:\/\/grietvanmalderen.com\/fr\/les-geants-dafrique-sont-en-danger-ne-detournons-pas-le-regard\/\" aria-label=\"En savoir plus sur Les g\u00e9ants d&rsquo;Afrique sont en danger - ne d\u00e9tournons pas le regard.\" tabindex=\"-1\" >\n\t\t\tFAIRE UN DON MAINTENANT\t\t<\/a>\n\n\t\t\t\t<\/div>\n\t\t\t\t\t<\/div>\n\t\t<\/article>\n\t\t\t\t<\/div>\n\t\t\n\t\t\t\t\t\t<\/div>\n\t\t\t\t<\/div>\n\t\t\t\t\t<\/div>\n\t\t\t\t<\/div>\n\t\t\t\t<\/div>\n\t\t","protected":false},"excerpt":{"rendered":"<p>Chers amis du monde sauvage, \u00c0 travers mon objectif, j\u2019ai pass\u00e9 ma vie \u00e0 capturer la puissance tranquille et la beaut\u00e9 sauvage de la faune,<\/p>\n","protected":false},"author":1,"featured_media":4641,"parent":0,"menu_order":4,"comment_status":"closed","ping_status":"closed","template":"","meta":{"give_campaign_id":0,"footnotes":""},"class_list":["post-4770","page","type-page","status-publish","has-post-thumbnail","hentry"],"campaignId":"","_links":{"self":[{"href":"https:\/\/grietvanmalderen.com\/fr\/wp-json\/wp\/v2\/pages\/4770","targetHints":{"allow":["GET"]}}],"collection":[{"href":"https:\/\/grietvanmalderen.com\/fr\/wp-json\/wp\/v2\/pages"}],"about":[{"href":"https:\/\/grietvanmalderen.com\/fr\/wp-json\/wp\/v2\/types\/page"}],"author":[{"embeddable":true,"href":"https:\/\/grietvanmalderen.com\/fr\/wp-json\/wp\/v2\/users\/1"}],"replies":[{"embeddable":true,"href":"https:\/\/grietvanmalderen.com\/fr\/wp-json\/wp\/v2\/comments?post=4770"}],"version-history":[{"count":10,"href":"https:\/\/grietvanmalderen.com\/fr\/wp-json\/wp\/v2\/pages\/4770\/revisions"}],"predecessor-version":[{"id":7515,"href":"https:\/\/grietvanmalderen.com\/fr\/wp-json\/wp\/v2\/pages\/4770\/revisions\/7515"}],"wp:featuredmedia":[{"embeddable":true,"href":"https:\/\/grietvanmalderen.com\/fr\/wp-json\/wp\/v2\/media\/4641"}],"wp:attachment":[{"href":"https:\/\/grietvanmalderen.com\/fr\/wp-json\/wp\/v2\/media?parent=4770"}],"curies":[{"name":"wp","href":"https:\/\/api.w.org\/{rel}","templated":true}]}}