{"id":4766,"date":"2024-11-21T11:05:17","date_gmt":"2024-11-21T10:05:17","guid":{"rendered":"https:\/\/grietv2.digistage.be\/pieces-uniques\/"},"modified":"2025-05-09T12:43:38","modified_gmt":"2025-05-09T10:43:38","slug":"pieces-uniques","status":"publish","type":"page","link":"https:\/\/grietvanmalderen.com\/fr\/pieces-uniques\/","title":{"rendered":"Pi\u00e8ces uniques"},"content":{"rendered":"\t\t<div data-elementor-type=\"wp-page\" data-elementor-id=\"4766\" class=\"elementor elementor-4766 elementor-3393\" data-elementor-post-type=\"page\">\n\t\t\t\t<div class=\"elementor-element elementor-element-95b55ad e-con-full e-flex e-con e-parent\" data-id=\"95b55ad\" data-element_type=\"container\" data-e-type=\"container\" data-settings=\"{&quot;jet_parallax_layout_list&quot;:[]}\">\n\t\t<div class=\"elementor-element elementor-element-550dca1 e-con-full e-flex e-con e-child\" data-id=\"550dca1\" data-element_type=\"container\" data-e-type=\"container\" data-settings=\"{&quot;jet_parallax_layout_list&quot;:[]}\">\n\t\t\t\t<div class=\"elementor-element elementor-element-307e5a4 elementor-widget elementor-widget-image\" data-id=\"307e5a4\" data-element_type=\"widget\" data-e-type=\"widget\" data-widget_type=\"image.default\">\n\t\t\t\t<div class=\"elementor-widget-container\">\n\t\t\t\t\t\t\t\t\t\t\t\t\t\t\t<img fetchpriority=\"high\" decoding=\"async\" width=\"800\" height=\"1000\" src=\"https:\/\/grietvanmalderen.com\/wp-content\/uploads\/2025\/03\/IMG_2647-819x1024.jpg\" class=\"attachment-large size-large wp-image-4645\" alt=\"\" srcset=\"https:\/\/grietvanmalderen.com\/wp-content\/uploads\/2025\/03\/IMG_2647-819x1024.jpg 819w, https:\/\/grietvanmalderen.com\/wp-content\/uploads\/2025\/03\/IMG_2647-240x300.jpg 240w, https:\/\/grietvanmalderen.com\/wp-content\/uploads\/2025\/03\/IMG_2647-768x960.jpg 768w, https:\/\/grietvanmalderen.com\/wp-content\/uploads\/2025\/03\/IMG_2647-214x268.jpg 214w, https:\/\/grietvanmalderen.com\/wp-content\/uploads\/2025\/03\/IMG_2647-1120x1400.jpg 1120w, https:\/\/grietvanmalderen.com\/wp-content\/uploads\/2025\/03\/IMG_2647-700x875.jpg 700w, https:\/\/grietvanmalderen.com\/wp-content\/uploads\/2025\/03\/IMG_2647.jpg 1200w\" sizes=\"(max-width: 800px) 100vw, 800px\" \/>\t\t\t\t\t\t\t\t\t\t\t\t\t\t\t<\/div>\n\t\t\t\t<\/div>\n\t\t\t\t<\/div>\n\t\t<div class=\"elementor-element elementor-element-1471d63 e-con-full e-flex e-con e-child\" data-id=\"1471d63\" data-element_type=\"container\" data-e-type=\"container\" data-settings=\"{&quot;jet_parallax_layout_list&quot;:[]}\">\n\t\t\t\t<div class=\"elementor-element elementor-element-bee5a20 elementor-widget elementor-widget-heading\" data-id=\"bee5a20\" data-element_type=\"widget\" data-e-type=\"widget\" data-widget_type=\"heading.default\">\n\t\t\t\t<div class=\"elementor-widget-container\">\n\t\t\t\t\t<h2 class=\"elementor-heading-title elementor-size-default\">Le tirage au collodion<\/h2>\t\t\t\t<\/div>\n\t\t\t\t<\/div>\n\t\t\t\t<div class=\"elementor-element elementor-element-a1c64e0 elementor-widget elementor-widget-text-editor\" data-id=\"a1c64e0\" data-element_type=\"widget\" data-e-type=\"widget\" data-widget_type=\"text-editor.default\">\n\t\t\t\t<div class=\"elementor-widget-container\">\n\t\t\t\t\t\t\t\t\t<p>Le collodion est un liquide sirupeux qui \u00e9tait historiquement utilis\u00e9 comme liant dans la photographie et les applications m\u00e9dicales. En photographie, le collodion est principalement utilis\u00e9 dans le proc\u00e9d\u00e9 du collodion humide, qui \u00e9tait populaire au milieu du 19e si\u00e8cle. <\/p><p>Le proc\u00e9d\u00e9 du collodion humide consiste \u00e0 recouvrir une plaque de verre ou de m\u00e9tal d&rsquo;une couche de collodion contenant des sels dissous d&rsquo;iodure ou de bromure. La plaque est ensuite sensibilis\u00e9e en l&rsquo;immergeant dans une solution de nitrate d&rsquo;argent, qui forme de l&rsquo;iodure ou du bromure d&rsquo;argent sensible \u00e0 la lumi\u00e8re sur la surface du collodion. La plaque est expos\u00e9e alors qu&rsquo;elle est encore humide, g\u00e9n\u00e9ralement dans un appareil photo grand format, puis d\u00e9velopp\u00e9e imm\u00e9diatement.  <\/p><p>D\u00e8s que j&rsquo;ai d\u00e9couvert la technique du collodion, j&rsquo;ai \u00e9t\u00e9 imm\u00e9diatement attir\u00e9 par ses caract\u00e9ristiques uniques et son potentiel artistique. Sans h\u00e9siter, j&rsquo;ai d\u00e9cid\u00e9 de me plonger dans ce processus captivant et d&rsquo;en explorer les limites au maximum. <\/p><p>Apr\u00e8s de nombreuses tentatives et un travail acharn\u00e9, nous avons d\u00e9cid\u00e9 d&rsquo;explorer diff\u00e9rentes tailles dans le processus du collodion. Nous avons commenc\u00e9 par une assiette de 25 cm x 25 cm, puis nous sommes pass\u00e9s \u00e0 une assiette de 50 cm x 50 cm. Enfin, nous avons relev\u00e9 le d\u00e9fi de cr\u00e9er une plaque de 1m x 1m. Malgr\u00e9 les nombreux obstacles rencontr\u00e9s en cours de route, notre d\u00e9vouement et notre pers\u00e9v\u00e9rance ont port\u00e9 leurs fruits.   <\/p><p>Nous sommes fiers de ce que nous avons accompli et nous nous r\u00e9jouissons de continuer \u00e0 explorer et \u00e0 repousser les limites de ce processus photographique captivant. Notre voyage vers des plaques de plus grande taille a ouvert des possibilit\u00e9s passionnantes, et nous sommes impatients de poursuivre notre exploration artistique dans le monde de la photographie au collodion. <\/p>\t\t\t\t\t\t\t\t<\/div>\n\t\t\t\t<\/div>\n\t\t\t\t<\/div>\n\t\t\t\t<\/div>\n\t\t<div class=\"elementor-element elementor-element-886ee26 e-con-full e-flex e-con e-parent\" data-id=\"886ee26\" data-element_type=\"container\" data-e-type=\"container\" data-settings=\"{&quot;jet_parallax_layout_list&quot;:[]}\">\n\t\t\t\t<div class=\"elementor-element elementor-element-b625a09 elementor-align-justify elementor-widget elementor-widget-button\" data-id=\"b625a09\" data-element_type=\"widget\" data-e-type=\"widget\" data-widget_type=\"button.default\">\n\t\t\t\t<div class=\"elementor-widget-container\">\n\t\t\t\t\t\t\t\t\t<div class=\"elementor-button-wrapper\">\n\t\t\t\t\t<a class=\"elementor-button elementor-button-link elementor-size-sm\" href=\"mailto:griet@grietvanmalderen.com?subject=I%20Int\u00e9r\u00eat%20pour%20une%20pi\u00e8ce%20unique\">\n\t\t\t\t\t\t<span class=\"elementor-button-content-wrapper\">\n\t\t\t\t\t\t\t\t\t<span class=\"elementor-button-text\">OBTENIR DES PI\u00c8CES UNIQUES<\/span>\n\t\t\t\t\t<\/span>\n\t\t\t\t\t<\/a>\n\t\t\t\t<\/div>\n\t\t\t\t\t\t\t\t<\/div>\n\t\t\t\t<\/div>\n\t\t\t\t<div class=\"elementor-element elementor-element-ad5ed67 elementor-widget elementor-widget-video\" data-id=\"ad5ed67\" data-element_type=\"widget\" data-e-type=\"widget\" data-settings=\"{&quot;video_type&quot;:&quot;hosted&quot;,&quot;start&quot;:&quot;0&quot;,&quot;show_image_overlay&quot;:&quot;yes&quot;,&quot;image_overlay&quot;:{&quot;url&quot;:&quot;https:\\\/\\\/grietv2.digistage.be\\\/wp-content\\\/uploads\\\/2024\\\/11\\\/VideoPoster.jpg&quot;,&quot;id&quot;:&quot;3401&quot;,&quot;size&quot;:&quot;&quot;,&quot;alt&quot;:&quot;&quot;,&quot;source&quot;:&quot;library&quot;},&quot;controls&quot;:&quot;yes&quot;}\" data-widget_type=\"video.default\">\n\t\t\t\t<div class=\"elementor-widget-container\">\n\t\t\t\t\t\t\t<div class=\"e-hosted-video elementor-wrapper elementor-open-inline\">\n\t\t\t\t\t<video class=\"elementor-video\" src=\"https:\/\/grietvanmalderen.com\/wp-content\/themes\/grietvanmalderen\/Content\/video\/collodion.mp4#t=0.1\" controls=\"\" preload=\"metadata\" controlsList=\"nodownload\"><\/video>\n\t\t\t\t\t\t<div class=\"elementor-custom-embed-image-overlay\" style=\"background-image: url(https:\/\/grietvanmalderen.com\/wp-content\/uploads\/2024\/11\/VideoPoster.jpg);\">\n\t\t\t\t\t\t\t\t\t\t\t\t\t\t<\/div>\n\t\t\t\t\t<\/div>\n\t\t\t\t\t\t<\/div>\n\t\t\t\t<\/div>\n\t\t\t\t<div class=\"elementor-element elementor-element-0c948a8 elementor-widget elementor-widget-text-editor\" data-id=\"0c948a8\" data-element_type=\"widget\" data-e-type=\"widget\" data-widget_type=\"text-editor.default\">\n\t\t\t\t<div class=\"elementor-widget-container\">\n\t\t\t\t\t\t\t\t\t<p><em>Du 6 au 28 septembre 2021, la photographie animali\u00e8re a \u00e9t\u00e9 expos\u00e9e dans la prestigieuse galerie Guy Pieters sur le Zoute de Knokke. L&rsquo;exposition \u00e9tait exclusivement consacr\u00e9e aux \u00e9preuves au collodion de Griet Van Malderen, aux animaux et, pour la premi\u00e8re fois, aux portraits \u00e9thiopiens. <\/em><\/p>\t\t\t\t\t\t\t\t<\/div>\n\t\t\t\t<\/div>\n\t\t\t\t<\/div>\n\t\t<div class=\"elementor-element elementor-element-40172c7 e-flex e-con-boxed e-con e-parent\" data-id=\"40172c7\" data-element_type=\"container\" data-e-type=\"container\" data-settings=\"{&quot;jet_parallax_layout_list&quot;:[]}\">\n\t\t\t\t\t<div class=\"e-con-inner\">\n\t\t\t\t<div class=\"elementor-element elementor-element-e7b8db4 elementor-widget__width-initial elementor-widget elementor-widget-heading\" data-id=\"e7b8db4\" data-element_type=\"widget\" data-e-type=\"widget\" data-widget_type=\"heading.default\">\n\t\t\t\t<div class=\"elementor-widget-container\">\n\t\t\t\t\t<h2 class=\"elementor-heading-title elementor-size-default\">Impressions<\/h2>\t\t\t\t<\/div>\n\t\t\t\t<\/div>\n\t\t\t\t<div class=\"elementor-element elementor-element-56fb6f6 elementor-widget-divider--view-line elementor-widget elementor-widget-divider\" data-id=\"56fb6f6\" data-element_type=\"widget\" data-e-type=\"widget\" data-widget_type=\"divider.default\">\n\t\t\t\t<div class=\"elementor-widget-container\">\n\t\t\t\t\t\t\t<div class=\"elementor-divider\">\n\t\t\t<span class=\"elementor-divider-separator\">\n\t\t\t\t\t\t<\/span>\n\t\t<\/div>\n\t\t\t\t\t\t<\/div>\n\t\t\t\t<\/div>\n\t\t\t\t\t<\/div>\n\t\t\t\t<\/div>\n\t\t<div class=\"elementor-element elementor-element-8500a05 e-flex e-con-boxed e-con e-parent\" data-id=\"8500a05\" data-element_type=\"container\" data-e-type=\"container\" data-settings=\"{&quot;jet_parallax_layout_list&quot;:[]}\">\n\t\t\t\t\t<div class=\"e-con-inner\">\n\t\t<div class=\"elementor-element elementor-element-6b30a88 e-con-full e-flex e-con e-child\" data-id=\"6b30a88\" data-element_type=\"container\" data-e-type=\"container\" data-settings=\"{&quot;jet_parallax_layout_list&quot;:[]}\">\n\t\t\t\t<div class=\"elementor-element elementor-element-d35db4e elementor-widget elementor-widget-heading\" data-id=\"d35db4e\" data-element_type=\"widget\" data-e-type=\"widget\" data-widget_type=\"heading.default\">\n\t\t\t\t<div class=\"elementor-widget-container\">\n\t\t\t\t\t<h2 class=\"elementor-heading-title elementor-size-default\">L'imprim\u00e9 classique<\/h2>\t\t\t\t<\/div>\n\t\t\t\t<\/div>\n\t\t\t\t<div class=\"elementor-element elementor-element-b97622d elementor-widget elementor-widget-text-editor\" data-id=\"b97622d\" data-element_type=\"widget\" data-e-type=\"widget\" data-widget_type=\"text-editor.default\">\n\t\t\t\t<div class=\"elementor-widget-container\">\n\t\t\t\t\t\t\t\t\t<p>Les retouches et l&rsquo;impression des photographies de Griet Van Malderen sont effectu\u00e9es en Belgique dans des studios de renomm\u00e9e internationale travaillant pour des photographes de renomm\u00e9e mondiale.<\/p><p>Les impressions num\u00e9riques sont r\u00e9alis\u00e9es sur des imprimantes EPSON et sur du papier RAG Baryta Hanem\u00fcle platinum fiber rag 315 grammes offrant toutes les garanties dans le temps (110 ans de stabilit\u00e9 avec une protection sous verre anti-UV) et procurant un effet papier baryt\u00e9.<\/p>\t\t\t\t\t\t\t\t<\/div>\n\t\t\t\t<\/div>\n\t\t\t\t<\/div>\n\t\t<div class=\"elementor-element elementor-element-59b07b9 e-con-full e-flex e-con e-child\" data-id=\"59b07b9\" data-element_type=\"container\" data-e-type=\"container\" data-settings=\"{&quot;jet_parallax_layout_list&quot;:[]}\">\n\t\t\t\t<div class=\"elementor-element elementor-element-c8f2638 elementor-widget elementor-widget-image\" data-id=\"c8f2638\" data-element_type=\"widget\" data-e-type=\"widget\" data-widget_type=\"image.default\">\n\t\t\t\t<div class=\"elementor-widget-container\">\n\t\t\t\t\t\t\t\t\t\t\t\t\t\t\t<img decoding=\"async\" width=\"759\" height=\"957\" src=\"https:\/\/grietvanmalderen.com\/wp-content\/uploads\/2025\/03\/IMG_2884-2.jpg\" class=\"attachment-large size-large wp-image-4683\" alt=\"\" srcset=\"https:\/\/grietvanmalderen.com\/wp-content\/uploads\/2025\/03\/IMG_2884-2.jpg 759w, https:\/\/grietvanmalderen.com\/wp-content\/uploads\/2025\/03\/IMG_2884-2-238x300.jpg 238w, https:\/\/grietvanmalderen.com\/wp-content\/uploads\/2025\/03\/IMG_2884-2-213x268.jpg 213w, https:\/\/grietvanmalderen.com\/wp-content\/uploads\/2025\/03\/IMG_2884-2-700x883.jpg 700w\" sizes=\"(max-width: 759px) 100vw, 759px\" \/>\t\t\t\t\t\t\t\t\t\t\t\t\t\t\t<\/div>\n\t\t\t\t<\/div>\n\t\t\t\t<\/div>\n\t\t\t\t\t<\/div>\n\t\t\t\t<\/div>\n\t\t<div class=\"elementor-element elementor-element-ad6e26a e-flex e-con-boxed e-con e-parent\" data-id=\"ad6e26a\" data-element_type=\"container\" data-e-type=\"container\" data-settings=\"{&quot;jet_parallax_layout_list&quot;:[]}\">\n\t\t\t\t\t<div class=\"e-con-inner\">\n\t\t<div class=\"elementor-element elementor-element-3959e02 e-con-full e-flex e-con e-child\" data-id=\"3959e02\" data-element_type=\"container\" data-e-type=\"container\" data-settings=\"{&quot;jet_parallax_layout_list&quot;:[]}\">\n\t\t\t\t<div class=\"elementor-element elementor-element-39e815d elementor-widget elementor-widget-heading\" data-id=\"39e815d\" data-element_type=\"widget\" data-e-type=\"widget\" data-widget_type=\"heading.default\">\n\t\t\t\t<div class=\"elementor-widget-container\">\n\t\t\t\t\t<h2 class=\"elementor-heading-title elementor-size-default\">L'impression en platine<\/h2>\t\t\t\t<\/div>\n\t\t\t\t<\/div>\n\t\t\t\t<div class=\"elementor-element elementor-element-7053932 elementor-widget elementor-widget-text-editor\" data-id=\"7053932\" data-element_type=\"widget\" data-e-type=\"widget\" data-widget_type=\"text-editor.default\">\n\t\t\t\t<div class=\"elementor-widget-container\">\n\t\t\t\t\t\t\t\t\t<p>Afin de repousser les limites de nos efforts artistiques et de relever de nouveaux d\u00e9fis, nous avons d\u00e9cid\u00e9 de nous lancer dans les tirages au platine. Conscients de l&rsquo;importance d&rsquo;offrir aux collectionneurs des photographies vraiment uniques et exceptionnelles, nous avons vu dans les tirages au platine un moyen d&rsquo;\u00e9lever notre travail \u00e0 un autre niveau artistique. <\/p><p>L&rsquo;impression au platine est un processus minutieux et \u00e0 forte intensit\u00e9 de main-d&rsquo;\u0153uvre qui consiste \u00e0 recouvrir le papier d&rsquo;une solution sensible \u00e0 la lumi\u00e8re contenant des sels de platine et de palladium. Le papier couch\u00e9 est ensuite expos\u00e9 \u00e0 un n\u00e9gatif lors de l&rsquo;impression par contact ou agrandi par le biais d&rsquo;un n\u00e9gatif agrandi. Apr\u00e8s l&rsquo;exposition, le tirage passe par une s\u00e9rie de bains chimiques soigneusement contr\u00f4l\u00e9s pour d\u00e9velopper et fixer l&rsquo;image.  <\/p><p>L&rsquo;attrait des tirages au platine r\u00e9side dans leur gamme de tons exquis, leur richesse de d\u00e9tails et leurs qualit\u00e9s exceptionnelles d&rsquo;archivage. Les m\u00e9taux pr\u00e9cieux utilis\u00e9s dans le processus conf\u00e8rent une qualit\u00e9 lumineuse \u00e0 l&rsquo;image finale, avec des gradations tonales subtiles et une profondeur remarquable qui captivent v\u00e9ritablement l&rsquo;observateur <\/p>\t\t\t\t\t\t\t\t<\/div>\n\t\t\t\t<\/div>\n\t\t\t\t<\/div>\n\t\t<div class=\"elementor-element elementor-element-2a1e737 e-con-full e-flex e-con e-child\" data-id=\"2a1e737\" data-element_type=\"container\" data-e-type=\"container\" data-settings=\"{&quot;jet_parallax_layout_list&quot;:[]}\">\n\t\t\t\t<div class=\"elementor-element elementor-element-7d2237b elementor-widget elementor-widget-image\" data-id=\"7d2237b\" data-element_type=\"widget\" data-e-type=\"widget\" data-widget_type=\"image.default\">\n\t\t\t\t<div class=\"elementor-widget-container\">\n\t\t\t\t\t\t\t\t\t\t\t\t\t\t\t<img decoding=\"async\" width=\"770\" height=\"1024\" src=\"https:\/\/grietvanmalderen.com\/wp-content\/uploads\/2025\/03\/DSC04724_3-e1741098293340-770x1024.png\" class=\"attachment-large size-large wp-image-4647\" alt=\"\" srcset=\"https:\/\/grietvanmalderen.com\/wp-content\/uploads\/2025\/03\/DSC04724_3-e1741098293340-770x1024.png 770w, https:\/\/grietvanmalderen.com\/wp-content\/uploads\/2025\/03\/DSC04724_3-e1741098293340-226x300.png 226w, https:\/\/grietvanmalderen.com\/wp-content\/uploads\/2025\/03\/DSC04724_3-e1741098293340-768x1021.png 768w, https:\/\/grietvanmalderen.com\/wp-content\/uploads\/2025\/03\/DSC04724_3-e1741098293340-202x268.png 202w, https:\/\/grietvanmalderen.com\/wp-content\/uploads\/2025\/03\/DSC04724_3-e1741098293340-700x931.png 700w, https:\/\/grietvanmalderen.com\/wp-content\/uploads\/2025\/03\/DSC04724_3-e1741098293340.png 940w\" sizes=\"(max-width: 770px) 100vw, 770px\" \/>\t\t\t\t\t\t\t\t\t\t\t\t\t\t\t<\/div>\n\t\t\t\t<\/div>\n\t\t\t\t<\/div>\n\t\t\t\t\t<\/div>\n\t\t\t\t<\/div>\n\t\t<div class=\"elementor-element elementor-element-c02ffa1 e-flex e-con-boxed e-con e-parent\" data-id=\"c02ffa1\" data-element_type=\"container\" data-e-type=\"container\" data-settings=\"{&quot;jet_parallax_layout_list&quot;:[]}\">\n\t\t\t\t\t<div class=\"e-con-inner\">\n\t\t<div class=\"elementor-element elementor-element-29ed7b8 e-con-full e-flex e-con e-child\" data-id=\"29ed7b8\" data-element_type=\"container\" data-e-type=\"container\" data-settings=\"{&quot;jet_parallax_layout_list&quot;:[]}\">\n\t\t\t\t<div class=\"elementor-element elementor-element-ca16c64 elementor-widget elementor-widget-heading\" data-id=\"ca16c64\" data-element_type=\"widget\" data-e-type=\"widget\" data-widget_type=\"heading.default\">\n\t\t\t\t<div class=\"elementor-widget-container\">\n\t\t\t\t\t<h2 class=\"elementor-heading-title elementor-size-default\">Le papier awagami<\/h2>\t\t\t\t<\/div>\n\t\t\t\t<\/div>\n\t\t\t\t<div class=\"elementor-element elementor-element-058452f elementor-widget elementor-widget-text-editor\" data-id=\"058452f\" data-element_type=\"widget\" data-e-type=\"widget\" data-widget_type=\"text-editor.default\">\n\t\t\t\t<div class=\"elementor-widget-container\">\n\t\t\t\t\t\t\t\t\t<p>L&rsquo;impression de photographies sur du papier Awagami offre une exp\u00e9rience unique, m\u00ealant tradition japonaise et art moderne. Ce papier fait main, fabriqu\u00e9 \u00e0 partir de fibres naturelles, se distingue par sa texture irr\u00e9guli\u00e8re et sa durabilit\u00e9. <\/p><p>Lorsqu&rsquo;une photographie est imprim\u00e9e sur Awagami, elle gagne en profondeur et en caract\u00e8re, avec une finition douce et subtile. L&rsquo;absorption particuli\u00e8re de l&rsquo;encre par le papier cr\u00e9e des couleurs plus douces et une impression de volume, ce qui le rend id\u00e9al pour les \u0153uvres artistiques et les \u00e9ditions limit\u00e9es. <\/p><p><br>Ce type d&rsquo;impression est particuli\u00e8rement appr\u00e9ci\u00e9 dans le monde de l&rsquo;art et de la photographie d&rsquo;art, o\u00f9 chaque d\u00e9tail compte. Gr\u00e2ce \u00e0 sa durabilit\u00e9, l&rsquo;impression sur Awagami permet de pr\u00e9server les photographies tout en offrant un r\u00e9sultat esth\u00e9tique in\u00e9gal\u00e9. <\/p>\t\t\t\t\t\t\t\t<\/div>\n\t\t\t\t<\/div>\n\t\t\t\t<\/div>\n\t\t<div class=\"elementor-element elementor-element-51e2611 e-con-full e-flex e-con e-child\" data-id=\"51e2611\" data-element_type=\"container\" data-e-type=\"container\" data-settings=\"{&quot;jet_parallax_layout_list&quot;:[]}\">\n\t\t\t\t<div class=\"elementor-element elementor-element-f23f97a elementor-widget elementor-widget-image\" data-id=\"f23f97a\" data-element_type=\"widget\" data-e-type=\"widget\" data-widget_type=\"image.default\">\n\t\t\t\t<div class=\"elementor-widget-container\">\n\t\t\t\t\t\t\t\t\t\t\t\t\t\t\t<img loading=\"lazy\" decoding=\"async\" width=\"734\" height=\"1024\" src=\"https:\/\/grietvanmalderen.com\/wp-content\/uploads\/2025\/03\/DSC04742_2-e1741098154967-734x1024.png\" class=\"attachment-large size-large wp-image-4646\" alt=\"\" srcset=\"https:\/\/grietvanmalderen.com\/wp-content\/uploads\/2025\/03\/DSC04742_2-e1741098154967-734x1024.png 734w, https:\/\/grietvanmalderen.com\/wp-content\/uploads\/2025\/03\/DSC04742_2-e1741098154967-215x300.png 215w, https:\/\/grietvanmalderen.com\/wp-content\/uploads\/2025\/03\/DSC04742_2-e1741098154967-768x1071.png 768w, https:\/\/grietvanmalderen.com\/wp-content\/uploads\/2025\/03\/DSC04742_2-e1741098154967-192x268.png 192w, https:\/\/grietvanmalderen.com\/wp-content\/uploads\/2025\/03\/DSC04742_2-e1741098154967-700x976.png 700w, https:\/\/grietvanmalderen.com\/wp-content\/uploads\/2025\/03\/DSC04742_2-e1741098154967.png 823w\" sizes=\"(max-width: 734px) 100vw, 734px\" \/>\t\t\t\t\t\t\t\t\t\t\t\t\t\t\t<\/div>\n\t\t\t\t<\/div>\n\t\t\t\t<\/div>\n\t\t\t\t\t<\/div>\n\t\t\t\t<\/div>\n\t\t\t\t<\/div>\n\t\t","protected":false},"excerpt":{"rendered":"<p>Le tirage au collodion Le collodion est un liquide sirupeux qui \u00e9tait historiquement utilis\u00e9 comme liant dans la photographie et les applications m\u00e9dicales. En photographie, le collodion est principalement utilis\u00e9 dans le proc\u00e9d\u00e9 du collodion humide, qui \u00e9tait populaire au milieu du 19e si\u00e8cle. Le proc\u00e9d\u00e9 du collodion humide consiste \u00e0 recouvrir une plaque de [&hellip;]<\/p>\n","protected":false},"author":1,"featured_media":4679,"parent":0,"menu_order":2,"comment_status":"closed","ping_status":"closed","template":"","meta":{"give_campaign_id":0,"footnotes":""},"class_list":["post-4766","page","type-page","status-publish","has-post-thumbnail","hentry"],"campaignId":"","_links":{"self":[{"href":"https:\/\/grietvanmalderen.com\/fr\/wp-json\/wp\/v2\/pages\/4766","targetHints":{"allow":["GET"]}}],"collection":[{"href":"https:\/\/grietvanmalderen.com\/fr\/wp-json\/wp\/v2\/pages"}],"about":[{"href":"https:\/\/grietvanmalderen.com\/fr\/wp-json\/wp\/v2\/types\/page"}],"author":[{"embeddable":true,"href":"https:\/\/grietvanmalderen.com\/fr\/wp-json\/wp\/v2\/users\/1"}],"replies":[{"embeddable":true,"href":"https:\/\/grietvanmalderen.com\/fr\/wp-json\/wp\/v2\/comments?post=4766"}],"version-history":[{"count":3,"href":"https:\/\/grietvanmalderen.com\/fr\/wp-json\/wp\/v2\/pages\/4766\/revisions"}],"predecessor-version":[{"id":6027,"href":"https:\/\/grietvanmalderen.com\/fr\/wp-json\/wp\/v2\/pages\/4766\/revisions\/6027"}],"wp:featuredmedia":[{"embeddable":true,"href":"https:\/\/grietvanmalderen.com\/fr\/wp-json\/wp\/v2\/media\/4679"}],"wp:attachment":[{"href":"https:\/\/grietvanmalderen.com\/fr\/wp-json\/wp\/v2\/media?parent=4766"}],"curies":[{"name":"wp","href":"https:\/\/api.w.org\/{rel}","templated":true}]}}