{"id":4761,"date":"2025-02-07T11:53:55","date_gmt":"2025-02-07T10:53:55","guid":{"rendered":"https:\/\/grietvanmalderen.com\/les-ames-sauvages-de-griet-van-malderen\/"},"modified":"2025-05-12T10:45:31","modified_gmt":"2025-05-12T08:45:31","slug":"wild-souls-de-griet-van-malderen","status":"publish","type":"page","link":"https:\/\/grietvanmalderen.com\/fr\/wild-souls-de-griet-van-malderen\/","title":{"rendered":"Wild Souls par Griet Van Malderen"},"content":{"rendered":"\t\t<div data-elementor-type=\"wp-page\" data-elementor-id=\"4761\" class=\"elementor elementor-4761 elementor-4104\" data-elementor-post-type=\"page\">\n\t\t\t\t<div class=\"elementor-element elementor-element-36233102 e-flex e-con-boxed e-con e-parent\" data-id=\"36233102\" data-element_type=\"container\" data-e-type=\"container\" data-settings=\"{&quot;jet_parallax_layout_list&quot;:[]}\">\n\t\t\t\t\t<div class=\"e-con-inner\">\n\t\t\t\t<div class=\"elementor-element elementor-element-0f6bf9d elementor-widget__width-initial elementor-widget elementor-widget-heading\" data-id=\"0f6bf9d\" data-element_type=\"widget\" data-e-type=\"widget\" data-widget_type=\"heading.default\">\n\t\t\t\t<div class=\"elementor-widget-container\">\n\t\t\t\t\t<h2 class=\"elementor-heading-title elementor-size-default\">Am\u00e9liorez vos espaces avec nos Wildlife Wallpapers sur mesure<\/h2>\t\t\t\t<\/div>\n\t\t\t\t<\/div>\n\t\t\t\t<div class=\"elementor-element elementor-element-b517dbe elementor-widget__width-initial elementor-widget elementor-widget-image\" data-id=\"b517dbe\" data-element_type=\"widget\" data-e-type=\"widget\" data-settings=\"{&quot;motion_fx_motion_fx_scrolling&quot;:&quot;yes&quot;,&quot;motion_fx_translateY_effect&quot;:&quot;yes&quot;,&quot;motion_fx_translateY_direction&quot;:&quot;negative&quot;,&quot;motion_fx_translateY_speed&quot;:{&quot;unit&quot;:&quot;px&quot;,&quot;size&quot;:2,&quot;sizes&quot;:[]},&quot;motion_fx_translateY_affectedRange&quot;:{&quot;unit&quot;:&quot;%&quot;,&quot;size&quot;:&quot;&quot;,&quot;sizes&quot;:{&quot;start&quot;:0,&quot;end&quot;:80}},&quot;motion_fx_devices&quot;:[&quot;desktop&quot;,&quot;tablet&quot;,&quot;mobile&quot;]}\" data-widget_type=\"image.default\">\n\t\t\t\t<div class=\"elementor-widget-container\">\n\t\t\t\t\t\t\t\t\t\t\t\t\t\t\t<img fetchpriority=\"high\" decoding=\"async\" width=\"2048\" height=\"1280\" src=\"https:\/\/grietvanmalderen.com\/wp-content\/uploads\/2025\/02\/KILI-ZEBRA-2048x1280.jpg\" class=\"attachment-2048x2048 size-2048x2048 wp-image-4596\" alt=\"\" srcset=\"https:\/\/grietvanmalderen.com\/wp-content\/uploads\/2025\/02\/KILI-ZEBRA-2048x1280.jpg 2048w, https:\/\/grietvanmalderen.com\/wp-content\/uploads\/2025\/02\/KILI-ZEBRA-300x188.jpg 300w, https:\/\/grietvanmalderen.com\/wp-content\/uploads\/2025\/02\/KILI-ZEBRA-1024x640.jpg 1024w, https:\/\/grietvanmalderen.com\/wp-content\/uploads\/2025\/02\/KILI-ZEBRA-768x480.jpg 768w, https:\/\/grietvanmalderen.com\/wp-content\/uploads\/2025\/02\/KILI-ZEBRA-1536x960.jpg 1536w, https:\/\/grietvanmalderen.com\/wp-content\/uploads\/2025\/02\/KILI-ZEBRA-400x250.jpg 400w, https:\/\/grietvanmalderen.com\/wp-content\/uploads\/2025\/02\/KILI-ZEBRA-1120x700.jpg 1120w, https:\/\/grietvanmalderen.com\/wp-content\/uploads\/2025\/02\/KILI-ZEBRA-700x438.jpg 700w\" sizes=\"(max-width: 2048px) 100vw, 2048px\" \/>\t\t\t\t\t\t\t\t\t\t\t\t\t\t\t<\/div>\n\t\t\t\t<\/div>\n\t\t<div class=\"elementor-element elementor-element-584bc48 e-con-full e-flex e-con e-child\" data-id=\"584bc48\" data-element_type=\"container\" data-e-type=\"container\" data-settings=\"{&quot;background_background&quot;:&quot;classic&quot;,&quot;jet_parallax_layout_list&quot;:[]}\">\n\t\t\t\t<div class=\"elementor-element elementor-element-df0ce9b elementor-widget elementor-widget-heading\" data-id=\"df0ce9b\" data-element_type=\"widget\" data-e-type=\"widget\" data-widget_type=\"heading.default\">\n\t\t\t\t<div class=\"elementor-widget-container\">\n\t\t\t\t\t<h1 class=\"elementor-heading-title elementor-size-default\">Wild Souls<\/h1>\t\t\t\t<\/div>\n\t\t\t\t<\/div>\n\t\t\t\t<div class=\"elementor-element elementor-element-281bcc7 elementor-widget elementor-widget-heading\" data-id=\"281bcc7\" data-element_type=\"widget\" data-e-type=\"widget\" data-widget_type=\"heading.default\">\n\t\t\t\t<div class=\"elementor-widget-container\">\n\t\t\t\t\t<p class=\"elementor-heading-title elementor-size-default\">Par Griet Van Malderen<\/p>\t\t\t\t<\/div>\n\t\t\t\t<\/div>\n\t\t\t\t<\/div>\n\t\t\t\t<div class=\"elementor-element elementor-element-56b79167 elementor-widget__width-initial elementor-widget elementor-widget-text-editor\" data-id=\"56b79167\" data-element_type=\"widget\" data-e-type=\"widget\" data-widget_type=\"text-editor.default\">\n\t\t\t\t<div class=\"elementor-widget-container\">\n\t\t\t\t\t\t\t\t\t<p><b>Apportez la majest\u00e9 de la nature dans vos cr\u00e9ations gr\u00e2ce \u00e0 nos papiers peints sur mesure, qui pr\u00e9sentent des images \u00e9poustouflantes d&rsquo;\u00e9l\u00e9phants et d&rsquo;autres animaux sauvages. Que vous souhaitiez cr\u00e9er une ambiance sereine et naturelle ou une pi\u00e8ce audacieuse, nos papiers peints sont adapt\u00e9s \u00e0 votre vision et fabriqu\u00e9s \u00e0 la perfection. <\/b><\/p>\t\t\t\t\t\t\t\t<\/div>\n\t\t\t\t<\/div>\n\t\t\t\t<div class=\"elementor-element elementor-element-2016717 elementor-widget elementor-widget-heading\" data-id=\"2016717\" data-element_type=\"widget\" data-e-type=\"widget\" data-widget_type=\"heading.default\">\n\t\t\t\t<div class=\"elementor-widget-container\">\n\t\t\t\t\t<h2 class=\"elementor-heading-title elementor-size-default\">Comment cela fonctionne-t-il ?<\/h2>\t\t\t\t<\/div>\n\t\t\t\t<\/div>\n\t\t<div class=\"elementor-element elementor-element-954865c e-con-full e-flex elementor-invisible e-con e-child\" data-id=\"954865c\" data-element_type=\"container\" data-e-type=\"container\" data-settings=\"{&quot;jet_parallax_layout_list&quot;:[],&quot;animation&quot;:&quot;fadeInUp&quot;}\">\n\t\t\t\t<div class=\"elementor-element elementor-element-e1e4b2f elementor-widget elementor-widget-heading\" data-id=\"e1e4b2f\" data-element_type=\"widget\" data-e-type=\"widget\" data-widget_type=\"heading.default\">\n\t\t\t\t<div class=\"elementor-widget-container\">\n\t\t\t\t\t<h2 class=\"elementor-heading-title elementor-size-default\">1.<\/h2>\t\t\t\t<\/div>\n\t\t\t\t<\/div>\n\t\t\t\t<div class=\"elementor-element elementor-element-6336f30 elementor-widget__width-inherit elementor-widget elementor-widget-text-editor\" data-id=\"6336f30\" data-element_type=\"widget\" data-e-type=\"widget\" data-widget_type=\"text-editor.default\">\n\t\t\t\t<div class=\"elementor-widget-container\">\n\t\t\t\t\t\t\t\t\t<p><strong>Consultation<\/strong><br>Partagez votre vision avec nous, qu&rsquo;il s&rsquo;agisse d&rsquo;un th\u00e8me, d&rsquo;un style ou d&rsquo;une demande personnalis\u00e9e.<\/p>\t\t\t\t\t\t\t\t<\/div>\n\t\t\t\t<\/div>\n\t\t\t\t<\/div>\n\t\t<div class=\"elementor-element elementor-element-ddbf638 e-con-full e-flex elementor-invisible e-con e-child\" data-id=\"ddbf638\" data-element_type=\"container\" data-e-type=\"container\" data-settings=\"{&quot;jet_parallax_layout_list&quot;:[],&quot;animation&quot;:&quot;fadeInUp&quot;}\">\n\t\t\t\t<div class=\"elementor-element elementor-element-ef772ba elementor-widget elementor-widget-heading\" data-id=\"ef772ba\" data-element_type=\"widget\" data-e-type=\"widget\" data-widget_type=\"heading.default\">\n\t\t\t\t<div class=\"elementor-widget-container\">\n\t\t\t\t\t<h2 class=\"elementor-heading-title elementor-size-default\">2.<\/h2>\t\t\t\t<\/div>\n\t\t\t\t<\/div>\n\t\t\t\t<div class=\"elementor-element elementor-element-db0d95b elementor-widget__width-inherit elementor-widget elementor-widget-text-editor\" data-id=\"db0d95b\" data-element_type=\"widget\" data-e-type=\"widget\" data-widget_type=\"text-editor.default\">\n\t\t\t\t<div class=\"elementor-widget-container\">\n\t\t\t\t\t\t\t\t\t<p><b>Cr\u00e9ation de<\/b> designs<br>Nous collaborons avec vous pour cr\u00e9er des designs sur mesure adapt\u00e9s aux besoins de votre projet.<\/p>\t\t\t\t\t\t\t\t<\/div>\n\t\t\t\t<\/div>\n\t\t\t\t<\/div>\n\t\t<div class=\"elementor-element elementor-element-dda7bb9 e-con-full e-flex elementor-invisible e-con e-child\" data-id=\"dda7bb9\" data-element_type=\"container\" data-e-type=\"container\" data-settings=\"{&quot;jet_parallax_layout_list&quot;:[],&quot;animation&quot;:&quot;fadeInUp&quot;}\">\n\t\t\t\t<div class=\"elementor-element elementor-element-763ec52 elementor-widget elementor-widget-heading\" data-id=\"763ec52\" data-element_type=\"widget\" data-e-type=\"widget\" data-widget_type=\"heading.default\">\n\t\t\t\t<div class=\"elementor-widget-container\">\n\t\t\t\t\t<h2 class=\"elementor-heading-title elementor-size-default\">3.<\/h2>\t\t\t\t<\/div>\n\t\t\t\t<\/div>\n\t\t\t\t<div class=\"elementor-element elementor-element-a94fcf2 elementor-widget__width-inherit elementor-widget elementor-widget-text-editor\" data-id=\"a94fcf2\" data-element_type=\"widget\" data-e-type=\"widget\" data-widget_type=\"text-editor.default\">\n\t\t\t\t<div class=\"elementor-widget-container\">\n\t\t\t\t\t\t\t\t\t<p><b>Production<\/b><br>Gr\u00e2ce \u00e0 des techniques d&rsquo;impression de pointe, nous donnons vie \u00e0 votre dessin sur un papier peint de haute qualit\u00e9.<\/p>\t\t\t\t\t\t\t\t<\/div>\n\t\t\t\t<\/div>\n\t\t\t\t<\/div>\n\t\t<div class=\"elementor-element elementor-element-68e63ae e-con-full e-flex elementor-invisible e-con e-child\" data-id=\"68e63ae\" data-element_type=\"container\" data-e-type=\"container\" data-settings=\"{&quot;jet_parallax_layout_list&quot;:[],&quot;animation&quot;:&quot;fadeInUp&quot;}\">\n\t\t\t\t<div class=\"elementor-element elementor-element-ce7044b elementor-widget elementor-widget-heading\" data-id=\"ce7044b\" data-element_type=\"widget\" data-e-type=\"widget\" data-widget_type=\"heading.default\">\n\t\t\t\t<div class=\"elementor-widget-container\">\n\t\t\t\t\t<h2 class=\"elementor-heading-title elementor-size-default\">4.<\/h2>\t\t\t\t<\/div>\n\t\t\t\t<\/div>\n\t\t\t\t<div class=\"elementor-element elementor-element-61b1703 elementor-widget__width-inherit elementor-widget elementor-widget-text-editor\" data-id=\"61b1703\" data-element_type=\"widget\" data-e-type=\"widget\" data-widget_type=\"text-editor.default\">\n\t\t\t\t<div class=\"elementor-widget-container\">\n\t\t\t\t\t\t\t\t\t<p><b>Livraison<\/b><br>Vos papiers peints personnalis\u00e9s sont livr\u00e9s pr\u00eats \u00e0 \u00eatre pos\u00e9s, avec des conseils pour assurer une finition parfaite.<\/p>\t\t\t\t\t\t\t\t<\/div>\n\t\t\t\t<\/div>\n\t\t\t\t<\/div>\n\t\t<div class=\"elementor-element elementor-element-e2028c0 e-con-full e-flex e-con e-child\" data-id=\"e2028c0\" data-element_type=\"container\" data-e-type=\"container\" data-settings=\"{&quot;jet_parallax_layout_list&quot;:[]}\">\n\t\t\t\t<div class=\"elementor-element elementor-element-f145aec elementor-widget elementor-widget-image\" data-id=\"f145aec\" data-element_type=\"widget\" data-e-type=\"widget\" data-widget_type=\"image.default\">\n\t\t\t\t<div class=\"elementor-widget-container\">\n\t\t\t\t\t\t\t\t\t\t\t\t\t\t\t<img decoding=\"async\" width=\"800\" height=\"949\" src=\"https:\/\/grietvanmalderen.com\/wp-content\/uploads\/2025\/05\/DrylockZeleHQ_9069_L1-863x1024.jpg\" class=\"attachment-large size-large wp-image-6111\" alt=\"\" srcset=\"https:\/\/grietvanmalderen.com\/wp-content\/uploads\/2025\/05\/DrylockZeleHQ_9069_L1-863x1024.jpg 863w, https:\/\/grietvanmalderen.com\/wp-content\/uploads\/2025\/05\/DrylockZeleHQ_9069_L1-253x300.jpg 253w, https:\/\/grietvanmalderen.com\/wp-content\/uploads\/2025\/05\/DrylockZeleHQ_9069_L1-768x912.jpg 768w, https:\/\/grietvanmalderen.com\/wp-content\/uploads\/2025\/05\/DrylockZeleHQ_9069_L1-600x712.jpg 600w, https:\/\/grietvanmalderen.com\/wp-content\/uploads\/2025\/05\/DrylockZeleHQ_9069_L1.jpg 1079w\" sizes=\"(max-width: 800px) 100vw, 800px\" \/>\t\t\t\t\t\t\t\t\t\t\t\t\t\t\t<\/div>\n\t\t\t\t<\/div>\n\t\t<div class=\"elementor-element elementor-element-119b07e e-con-full e-flex e-con e-child\" data-id=\"119b07e\" data-element_type=\"container\" data-e-type=\"container\" data-settings=\"{&quot;jet_parallax_layout_list&quot;:[]}\">\n\t\t\t\t<div class=\"elementor-element elementor-element-1926d14 elementor-widget elementor-widget-heading\" data-id=\"1926d14\" data-element_type=\"widget\" data-e-type=\"widget\" data-widget_type=\"heading.default\">\n\t\t\t\t<div class=\"elementor-widget-container\">\n\t\t\t\t\t<h2 class=\"elementor-heading-title elementor-size-default\">Faites en sorte que chaque espace soit unique<\/h2>\t\t\t\t<\/div>\n\t\t\t\t<\/div>\n\t\t\t\t<div class=\"elementor-element elementor-element-787d8f8 elementor-widget__width-inherit elementor-widget elementor-widget-text-editor\" data-id=\"787d8f8\" data-element_type=\"widget\" data-e-type=\"widget\" data-widget_type=\"text-editor.default\">\n\t\t\t\t<div class=\"elementor-widget-container\">\n\t\t\t\t\t\t\t\t\t<p><b>Que vous conceviez un bureau sophistiqu\u00e9, une suite d&rsquo;h\u00f4tel de charme ou un mur d&rsquo;accent pour une r\u00e9sidence de luxe, nos papiers peints distinguent votre projet par leur \u00e9l\u00e9gance intemporelle inspir\u00e9e de la nature.<\/b><\/p><p><b><br>Donnons vie \u00e0 vos murs ! Que vous choisissiez l&rsquo;un de nos designs embl\u00e9matiques ou que vous imaginiez quelque chose de nouveau, nous sommes l\u00e0 pour vous aider. Contactez-nous d\u00e8s aujourd&rsquo;hui pour discuter de votre projet et recevoir un devis personnalis\u00e9.  <\/b><\/p>\t\t\t\t\t\t\t\t<\/div>\n\t\t\t\t<\/div>\n\t\t\t\t<div class=\"elementor-element elementor-element-afab1b8 elementor-align-justify elementor-widget elementor-widget-button\" data-id=\"afab1b8\" data-element_type=\"widget\" data-e-type=\"widget\" data-widget_type=\"button.default\">\n\t\t\t\t<div class=\"elementor-widget-container\">\n\t\t\t\t\t\t\t\t\t<div class=\"elementor-button-wrapper\">\n\t\t\t\t\t<a class=\"elementor-button elementor-button-link elementor-size-sm\" href=\"#ContactFooter\">\n\t\t\t\t\t\t<span class=\"elementor-button-content-wrapper\">\n\t\t\t\t\t\t\t\t\t<span class=\"elementor-button-text\">Contactez-nous pour commencer votre conception personnalis\u00e9e<\/span>\n\t\t\t\t\t<\/span>\n\t\t\t\t\t<\/a>\n\t\t\t\t<\/div>\n\t\t\t\t\t\t\t\t<\/div>\n\t\t\t\t<\/div>\n\t\t\t\t<\/div>\n\t\t\t\t<\/div>\n\t\t<div class=\"elementor-element elementor-element-9dcd1cc e-con-full e-flex e-con e-child\" data-id=\"9dcd1cc\" data-element_type=\"container\" data-e-type=\"container\" data-settings=\"{&quot;jet_parallax_layout_list&quot;:[]}\">\n\t\t\t\t<div class=\"elementor-element elementor-element-d4569fa elementor-widget elementor-widget-heading\" data-id=\"d4569fa\" data-element_type=\"widget\" data-e-type=\"widget\" data-widget_type=\"heading.default\">\n\t\t\t\t<div class=\"elementor-widget-container\">\n\t\t\t\t\t<h2 class=\"elementor-heading-title elementor-size-default\">Pourquoi choisir nos Wallpapers ?<\/h2>\t\t\t\t<\/div>\n\t\t\t\t<\/div>\n\t\t\t\t<div class=\"elementor-element elementor-element-2b3a616 elementor-widget elementor-widget-text-editor\" data-id=\"2b3a616\" data-element_type=\"widget\" data-e-type=\"widget\" data-widget_type=\"text-editor.default\">\n\t\t\t\t<div class=\"elementor-widget-container\">\n\t\t\t\t\t\t\t\t\t<ul><li><b>Des designs uniques :<\/b> De la grandeur des tuskers africains aux paysages luxuriants de la savane, nos papiers peints pr\u00e9sentent des images r\u00e9elles de haute qualit\u00e9 qui associent les int\u00e9rieurs \u00e0 la beaut\u00e9 de la nature.<br><br><\/li><li><b>Options de personnalisation :<\/b> Nous travaillons en \u00e9troite collaboration avec vous pour donner vie \u00e0 n&rsquo;importe quel concept, qu&rsquo;il s&rsquo;agisse de r\u00e9imaginer nos images d&rsquo;\u00e9l\u00e9phants, d&rsquo;int\u00e9grer des th\u00e8mes sp\u00e9cifiques li\u00e9s \u00e0 la faune ou de concevoir une id\u00e9e enti\u00e8rement nouvelle qui s&rsquo;harmonise avec votre espace.<br><br><\/li><li><b>Qualit\u00e9 sup\u00e9rieure :<\/b> Nos papiers peints sont fabriqu\u00e9s \u00e0 partir de mat\u00e9riaux durables et respectueux de l&rsquo;environnement, ce qui garantit des couleurs \u00e9clatantes, des d\u00e9tails fins et des performances durables.<br><br><\/li><li><b>Polyvalence :<\/b> Parfaits pour les espaces commerciaux, les h\u00f4tels, les r\u00e9sidences de luxe ou les bureaux, ces papiers peints transforment les murs en \u0153uvres d&rsquo;art qui captivent et inspirent.<\/li><\/ul>\t\t\t\t\t\t\t\t<\/div>\n\t\t\t\t<\/div>\n\t\t\t\t<\/div>\n\t\t\t\t\t<\/div>\n\t\t\t\t<\/div>\n\t\t<div class=\"elementor-element elementor-element-eed26b5 e-flex e-con-boxed e-con e-parent\" data-id=\"eed26b5\" data-element_type=\"container\" data-e-type=\"container\" data-settings=\"{&quot;jet_parallax_layout_list&quot;:[]}\">\n\t\t\t\t\t<div class=\"e-con-inner\">\n\t\t\t\t<div class=\"elementor-element elementor-element-5a4d519 elementor-widget elementor-widget-text-editor\" data-id=\"5a4d519\" data-element_type=\"widget\" data-e-type=\"widget\" data-widget_type=\"text-editor.default\">\n\t\t\t\t<div class=\"elementor-widget-container\">\n\t\t\t\t\t\t\t\t\t<p><strong>D\u00e9couvrez notre concept : Photographie d&rsquo;animaux g\u00e9ants en papier peint personnalis\u00e9<\/strong><\/p><p>Donnez vie \u00e0 vos murs gr\u00e2ce \u00e0 une collection unique de photographies d&rsquo;animaux g\u00e9ants transform\u00e9es en papier peint intiss\u00e9 de qualit\u00e9 sup\u00e9rieure. Ce concept innovant associe l&rsquo;art de la photographie \u00e0 l&rsquo;univers de la d\u00e9coration murale pour offrir une exp\u00e9rience immersive et sur mesure. <\/p><p>L&rsquo;art qui habille vos murs<br>Imaginez de superbes clich\u00e9s d&rsquo;animaux sauvages ou de sc\u00e8nes naturelles captivantes, imprim\u00e9s avec une qualit\u00e9 exceptionnelle et adapt\u00e9s \u00e0 vos murs. Chaque photographie, soigneusement s\u00e9lectionn\u00e9e ou personnalis\u00e9e selon vos pr\u00e9f\u00e9rences, devient une pi\u00e8ce ma\u00eetresse de votre espace int\u00e9rieur. <\/p><p>Dimensions sur mesure : Que ce soit pour un mur entier ou une zone sp\u00e9cifique.<br>Dimensions ajustables : Choisissez la taille parfaite pour votre espace.<br>Design adaptable : S\u00e9lectionnez votre photo pr\u00e9f\u00e9r\u00e9e et nous ajusterons le visuel pour qu&rsquo;il s&rsquo;harmonise parfaitement avec votre d\u00e9cor.<\/p><p>\u00c0 qui cela s&rsquo;adresse-t-il ?<br>Ce concept est destin\u00e9 aux amoureux des animaux, aux passionn\u00e9s de la nature et \u00e0 tous ceux qui souhaitent ajouter une touche personnelle et audacieuse \u00e0 leur int\u00e9rieur. Il est parfait pour les maisons, les espaces professionnels, les h\u00f4tels ou tout autre lieu \u00e0 la recherche d&rsquo;une d\u00e9coration unique et inspirante. <\/p>\t\t\t\t\t\t\t\t<\/div>\n\t\t\t\t<\/div>\n\t\t\t\t<div class=\"elementor-element elementor-element-7769954 elementor-widget elementor-widget-gallery\" data-id=\"7769954\" data-element_type=\"widget\" data-e-type=\"widget\" data-settings=\"{&quot;columns&quot;:3,&quot;lazyload&quot;:&quot;yes&quot;,&quot;gallery_layout&quot;:&quot;grid&quot;,&quot;columns_tablet&quot;:2,&quot;columns_mobile&quot;:1,&quot;gap&quot;:{&quot;unit&quot;:&quot;px&quot;,&quot;size&quot;:10,&quot;sizes&quot;:[]},&quot;gap_tablet&quot;:{&quot;unit&quot;:&quot;px&quot;,&quot;size&quot;:10,&quot;sizes&quot;:[]},&quot;gap_mobile&quot;:{&quot;unit&quot;:&quot;px&quot;,&quot;size&quot;:10,&quot;sizes&quot;:[]},&quot;link_to&quot;:&quot;file&quot;,&quot;aspect_ratio&quot;:&quot;3:2&quot;,&quot;overlay_background&quot;:&quot;yes&quot;,&quot;content_hover_animation&quot;:&quot;fade-in&quot;}\" data-widget_type=\"gallery.default\">\n\t\t\t\t<div class=\"elementor-widget-container\">\n\t\t\t\t\t\t\t<div class=\"elementor-gallery__container\">\n\t\t\t\t\t\t\t<a class=\"e-gallery-item elementor-gallery-item elementor-animated-content\" href=\"https:\/\/grietvanmalderen.com\/wp-content\/uploads\/2025\/03\/DrylockZeleHQ_8343_L0.jpg\" data-elementor-open-lightbox=\"yes\" data-elementor-lightbox-slideshow=\"7769954\" data-elementor-lightbox-title=\"DrylockZeleHQ_8343_L0\" data-e-action-hash=\"#elementor-action%3Aaction%3Dlightbox%26settings%3DeyJpZCI6NDM3OCwidXJsIjoiaHR0cHM6XC9cL2dyaWV0dmFubWFsZGVyZW4uY29tXC93cC1jb250ZW50XC91cGxvYWRzXC8yMDI1XC8wM1wvRHJ5bG9ja1plbGVIUV84MzQzX0wwLmpwZyIsInNsaWRlc2hvdyI6Ijc3Njk5NTQifQ%3D%3D\">\n\t\t\t\t\t<div class=\"e-gallery-image elementor-gallery-item__image\" data-thumbnail=\"https:\/\/grietvanmalderen.com\/wp-content\/uploads\/2025\/03\/DrylockZeleHQ_8343_L0-1024x683.jpg\" data-width=\"800\" data-height=\"534\" aria-label=\"\" role=\"img\" ><\/div>\n\t\t\t\t\t\t\t\t\t\t\t<div class=\"elementor-gallery-item__overlay\"><\/div>\n\t\t\t\t\t\t\t\t\t\t\t\t\t\t<\/a>\n\t\t\t\t\t\t\t<a class=\"e-gallery-item elementor-gallery-item elementor-animated-content\" href=\"https:\/\/grietvanmalderen.com\/wp-content\/uploads\/2025\/03\/DrylockZeleHQ_9084_L1.jpg\" data-elementor-open-lightbox=\"yes\" data-elementor-lightbox-slideshow=\"7769954\" data-elementor-lightbox-title=\"DrylockZeleHQ_9084_L1\" data-e-action-hash=\"#elementor-action%3Aaction%3Dlightbox%26settings%3DeyJpZCI6NDM4MSwidXJsIjoiaHR0cHM6XC9cL2dyaWV0dmFubWFsZGVyZW4uY29tXC93cC1jb250ZW50XC91cGxvYWRzXC8yMDI1XC8wM1wvRHJ5bG9ja1plbGVIUV85MDg0X0wxLmpwZyIsInNsaWRlc2hvdyI6Ijc3Njk5NTQifQ%3D%3D\">\n\t\t\t\t\t<div class=\"e-gallery-image elementor-gallery-item__image\" data-thumbnail=\"https:\/\/grietvanmalderen.com\/wp-content\/uploads\/2025\/03\/DrylockZeleHQ_9084_L1-1024x683.jpg\" data-width=\"800\" data-height=\"534\" aria-label=\"\" role=\"img\" ><\/div>\n\t\t\t\t\t\t\t\t\t\t\t<div class=\"elementor-gallery-item__overlay\"><\/div>\n\t\t\t\t\t\t\t\t\t\t\t\t\t\t<\/a>\n\t\t\t\t\t\t\t<a class=\"e-gallery-item elementor-gallery-item elementor-animated-content\" href=\"https:\/\/grietvanmalderen.com\/wp-content\/uploads\/2025\/03\/DrylockZeleHQ_9563_L2.jpg\" data-elementor-open-lightbox=\"yes\" data-elementor-lightbox-slideshow=\"7769954\" data-elementor-lightbox-title=\"DrylockZeleHQ_9563_L2\" data-e-action-hash=\"#elementor-action%3Aaction%3Dlightbox%26settings%3DeyJpZCI6NDM4MiwidXJsIjoiaHR0cHM6XC9cL2dyaWV0dmFubWFsZGVyZW4uY29tXC93cC1jb250ZW50XC91cGxvYWRzXC8yMDI1XC8wM1wvRHJ5bG9ja1plbGVIUV85NTYzX0wyLmpwZyIsInNsaWRlc2hvdyI6Ijc3Njk5NTQifQ%3D%3D\">\n\t\t\t\t\t<div class=\"e-gallery-image elementor-gallery-item__image\" data-thumbnail=\"https:\/\/grietvanmalderen.com\/wp-content\/uploads\/2025\/03\/DrylockZeleHQ_9563_L2-1024x683.jpg\" data-width=\"800\" data-height=\"534\" aria-label=\"\" role=\"img\" ><\/div>\n\t\t\t\t\t\t\t\t\t\t\t<div class=\"elementor-gallery-item__overlay\"><\/div>\n\t\t\t\t\t\t\t\t\t\t\t\t\t\t<\/a>\n\t\t\t\t\t<\/div>\n\t\t\t\t\t<\/div>\n\t\t\t\t<\/div>\n\t\t\t\t\t<\/div>\n\t\t\t\t<\/div>\n\t\t\t\t<\/div>\n\t\t","protected":false},"excerpt":{"rendered":"<p>Am\u00e9liorez vos espaces avec nos Wildlife Wallpapers sur mesure Wild Souls Par Griet Van Malderen Apportez la majest\u00e9 de la nature dans vos cr\u00e9ations gr\u00e2ce \u00e0 nos papiers peints sur mesure, qui pr\u00e9sentent des images \u00e9poustouflantes d&rsquo;\u00e9l\u00e9phants et d&rsquo;autres animaux sauvages. Que vous souhaitiez cr\u00e9er une ambiance sereine et naturelle ou une pi\u00e8ce audacieuse, nos [&hellip;]<\/p>\n","protected":false},"author":1,"featured_media":4650,"parent":0,"menu_order":5,"comment_status":"closed","ping_status":"closed","template":"","meta":{"give_campaign_id":0,"footnotes":""},"class_list":["post-4761","page","type-page","status-publish","has-post-thumbnail","hentry"],"campaignId":"","_links":{"self":[{"href":"https:\/\/grietvanmalderen.com\/fr\/wp-json\/wp\/v2\/pages\/4761","targetHints":{"allow":["GET"]}}],"collection":[{"href":"https:\/\/grietvanmalderen.com\/fr\/wp-json\/wp\/v2\/pages"}],"about":[{"href":"https:\/\/grietvanmalderen.com\/fr\/wp-json\/wp\/v2\/types\/page"}],"author":[{"embeddable":true,"href":"https:\/\/grietvanmalderen.com\/fr\/wp-json\/wp\/v2\/users\/1"}],"replies":[{"embeddable":true,"href":"https:\/\/grietvanmalderen.com\/fr\/wp-json\/wp\/v2\/comments?post=4761"}],"version-history":[{"count":41,"href":"https:\/\/grietvanmalderen.com\/fr\/wp-json\/wp\/v2\/pages\/4761\/revisions"}],"predecessor-version":[{"id":6153,"href":"https:\/\/grietvanmalderen.com\/fr\/wp-json\/wp\/v2\/pages\/4761\/revisions\/6153"}],"wp:featuredmedia":[{"embeddable":true,"href":"https:\/\/grietvanmalderen.com\/fr\/wp-json\/wp\/v2\/media\/4650"}],"wp:attachment":[{"href":"https:\/\/grietvanmalderen.com\/fr\/wp-json\/wp\/v2\/media?parent=4761"}],"curies":[{"name":"wp","href":"https:\/\/api.w.org\/{rel}","templated":true}]}}