{"id":4698,"date":"2024-12-20T14:07:58","date_gmt":"2024-12-20T13:07:58","guid":{"rendered":"https:\/\/grietvanmalderen.com\/galerie-de-videos\/"},"modified":"2025-05-09T18:11:07","modified_gmt":"2025-05-09T16:11:07","slug":"galerie-de-videos","status":"publish","type":"page","link":"https:\/\/grietvanmalderen.com\/fr\/galerie-de-videos\/","title":{"rendered":"Galerie de vid\u00e9os"},"content":{"rendered":"\t\t<div data-elementor-type=\"wp-page\" data-elementor-id=\"4698\" class=\"elementor elementor-4698 elementor-3850\" data-elementor-post-type=\"page\">\n\t\t\t\t<div class=\"elementor-element elementor-element-f72d2d1 e-con-full e-flex e-con e-parent\" data-id=\"f72d2d1\" data-element_type=\"container\" data-e-type=\"container\" data-settings=\"{&quot;jet_parallax_layout_list&quot;:[]}\">\n\t\t\t\t<div class=\"elementor-element elementor-element-a849545 elementor-widget elementor-widget-heading\" data-id=\"a849545\" data-element_type=\"widget\" data-e-type=\"widget\" data-widget_type=\"heading.default\">\n\t\t\t\t<div class=\"elementor-widget-container\">\n\t\t\t\t\t<h2 class=\"elementor-heading-title elementor-size-default\">La nature \u00e0 travers l'objectif<\/h2>\t\t\t\t<\/div>\n\t\t\t\t<\/div>\n\t\t\t\t<div class=\"elementor-element elementor-element-64aae78 elementor-widget elementor-widget-text-editor\" data-id=\"64aae78\" data-element_type=\"widget\" data-e-type=\"widget\" data-widget_type=\"text-editor.default\">\n\t\t\t\t<div class=\"elementor-widget-container\">\n\t\t\t\t\t\t\t\t\t<p data-start=\"45\" data-end=\"269\">Chaque image raconte une histoire, mais certaines histoires n\u00e9cessitent plus qu&rsquo;une simple image. Ma cha\u00eene YouTube vous emm\u00e8ne au-del\u00e0 des images fixes, au c\u0153ur de la nature sauvage, o\u00f9 chaque rencontre est brute, r\u00e9elle et profond\u00e9ment \u00e9mouvante.<\/p><p data-start=\"45\" data-end=\"269\"><br>Qu&rsquo;il s&rsquo;agisse de traquer des pr\u00e9dateurs insaisissables ou d&rsquo;observer la beaut\u00e9 fragile d&rsquo;esp\u00e8ces menac\u00e9es, ces films sont plus que de simples voyages visuels ; ils sont un appel \u00e0 l&rsquo;action. \u00c0 travers mon objectif, je vous invite \u00e0 p\u00e9n\u00e9trer dans la nature, \u00e0 en sentir le pouls et \u00e0 comprendre pourquoi la conservation n&rsquo;est pas un choix mais une n\u00e9cessit\u00e9.<\/p><p data-start=\"45\" data-end=\"269\"> <\/p><p data-start=\"577\" data-end=\"690\">Rejoignez-moi dans cette aventure, o\u00f9 chaque \u00e9pisode est un aper\u00e7u de l&rsquo;indompt\u00e9, de l&rsquo;extraordinaire et de l&rsquo;urgent.<\/p>\t\t\t\t\t\t\t\t<\/div>\n\t\t\t\t<\/div>\n\t\t\t\t<\/div>\n\t\t<div class=\"elementor-element elementor-element-dca796a e-con-full e-flex e-con e-parent\" data-id=\"dca796a\" data-element_type=\"container\" data-e-type=\"container\" data-settings=\"{&quot;jet_parallax_layout_list&quot;:[]}\">\n\t\t\t\t<div class=\"elementor-element elementor-element-cd3778e elementor-widget elementor-widget-jet-blog-video-playlist\" data-id=\"cd3778e\" data-element_type=\"widget\" data-e-type=\"widget\" data-widget_type=\"jet-blog-video-playlist.default\">\n\t\t\t\t<div class=\"elementor-widget-container\">\n\t\t\t\t\t<div class=\"elementor-jet-blog-video-playlist jet-blog\"><div class=\"jet-blog-playlist jet-tumbs-vertical jet-tumbs-v-pos-right jet-tumbs-h-pos- jet-scroll-regular\"  data-hide-index='&quot;&quot;' data-hide-duration='&quot;&quot;' data-hide-image='&quot;&quot;'>\n\t<div class=\"jet-blog-playlist__canvas\"><div class=\"jet-blog-playlist__canvas-overlay\"><\/div><\/div>\n\t<div class=\"jet-blog-playlist__items\">\n\t\t<div class=\"jet-blog-playlist__heading\">\n\t<span class=\"jet-blog-playlist__heading-icon jet-blog-icon\"><svg aria-hidden=\"true\" class=\"e-font-icon-svg e-fas-play\" viewBox=\"0 0 448 512\" xmlns=\"http:\/\/www.w3.org\/2000\/svg\"><path d=\"M424.4 214.7L72.4 6.6C43.8-10.3 0 6.1 0 47.9V464c0 37.5 40.7 60.1 72.4 41.3l352-208c31.4-18.5 31.5-64.1 0-82.6z\"><\/path><\/svg><\/span>\t<div class=\"jet-blog-playlist__heading-content\">\n\t\t<div class=\"jet-blog-playlist__heading-title\">Video Playlist<\/div>\t\t<div class=\"jet-blog-playlist__counter\"><span class=\"jet-blog-playlist__counter-val\">1<\/span>\/4 <span class=\"jet-blog-playlist__counter-suffix\">videos<\/span><\/div>\t<\/div>\n<\/div>\n\t\t<div class=\"jet-blog-playlist__items-list\">\n\t\t\t<div class=\"jet-blog-playlist__items-list-content\"><div class=\"jet-blog-playlist__item jet-blog-active\"  data-id='a4ae75f' data-video_id='FWB-nL3sMs4' data-provider='youtube' data-html='&quot;&lt;iframe width=\\&quot;100%\\&quot; height=\\&quot;500\\&quot; src=\\&quot;https:\\\/\\\/www.youtube.com\\\/embed\\\/FWB-nL3sMs4?feature=oembed&amp;enablejsapi=1\\&quot; frameborder=\\&quot;0\\&quot; allow=\\&quot;accelerometer; autoplay; clipboard-write; encrypted-media; gyroscope; picture-in-picture; web-share\\&quot; referrerpolicy=\\&quot;strict-origin-when-cross-origin\\&quot; allowfullscreen title=\\&quot;Darting Lions In The Namib Desert\\&quot;&gt;&lt;\\\/iframe&gt;&quot;' data-height='500' data-video_index='1' data-video_start='0'><div class=\"jet-blog-playlist__item-index\">\n\t<div class=\"jet-blog-playlist__item-index-num\">1<\/div>\n\t<div class=\"jet-blog-playlist__item-status jet-status-playing\"><i class=\"fas fa-play\" aria-hidden=\"true\"><\/i><\/div>\n\t<div class=\"jet-blog-playlist__item-status jet-status-paused\"><i class=\"fas fa-pause\" aria-hidden=\"true\"><\/i><\/div>\n<\/div>\n<div class=\"jet-blog-playlist__item-thumb\">\n\t<img\n\t\tsrc=\"https:\/\/i.ytimg.com\/vi\/FWB-nL3sMs4\/hqdefault.jpg\"\n\t\talt=\"Darting Lions In The Namib Desert\"\n\t\ttitle=\"Darting Lions In The Namib Desert\"\n\t\tclass=\"jet-blog-playlist__item-thumb-img\">\n<\/div><div class=\"jet-blog-playlist__item-content\"><div class=\"jet-blog-playlist__item-title\">\n\tDarting Lions In The Namib Desert<\/div><\/div><\/div><div class=\"jet-blog-playlist__item\"  data-id='da73e1e' data-video_id='KIXS5d7CeyI' data-provider='youtube' data-html='&quot;&lt;iframe width=\\&quot;100%\\&quot; height=\\&quot;500\\&quot; src=\\&quot;https:\\\/\\\/www.youtube.com\\\/embed\\\/KIXS5d7CeyI?feature=oembed&amp;enablejsapi=1\\&quot; frameborder=\\&quot;0\\&quot; allow=\\&quot;accelerometer; autoplay; clipboard-write; encrypted-media; gyroscope; picture-in-picture; web-share\\&quot; referrerpolicy=\\&quot;strict-origin-when-cross-origin\\&quot; allowfullscreen title=\\&quot;Swimming with the whales in Tonga\\&quot;&gt;&lt;\\\/iframe&gt;&quot;' data-height='500' data-video_index='2' data-video_start='0'><div class=\"jet-blog-playlist__item-index\">\n\t<div class=\"jet-blog-playlist__item-index-num\">2<\/div>\n\t<div class=\"jet-blog-playlist__item-status jet-status-playing\"><i class=\"fas fa-play\" aria-hidden=\"true\"><\/i><\/div>\n\t<div class=\"jet-blog-playlist__item-status jet-status-paused\"><i class=\"fas fa-pause\" aria-hidden=\"true\"><\/i><\/div>\n<\/div>\n<div class=\"jet-blog-playlist__item-thumb\">\n\t<img\n\t\tsrc=\"https:\/\/i.ytimg.com\/vi\/KIXS5d7CeyI\/hqdefault.jpg\"\n\t\talt=\"Swimming with the whales in Tonga\"\n\t\ttitle=\"Swimming with the whales in Tonga\"\n\t\tclass=\"jet-blog-playlist__item-thumb-img\">\n<\/div><div class=\"jet-blog-playlist__item-content\"><div class=\"jet-blog-playlist__item-title\">\n\tSwimming with the whales in Tonga<\/div><\/div><\/div><div class=\"jet-blog-playlist__item\"  data-id='55acca2' data-video_id='q3-zonYJOfM' data-provider='youtube' data-html='&quot;&lt;iframe width=\\&quot;100%\\&quot; height=\\&quot;500\\&quot; src=\\&quot;https:\\\/\\\/www.youtube.com\\\/embed\\\/q3-zonYJOfM?feature=oembed&amp;enablejsapi=1\\&quot; frameborder=\\&quot;0\\&quot; allow=\\&quot;accelerometer; autoplay; clipboard-write; encrypted-media; gyroscope; picture-in-picture; web-share\\&quot; referrerpolicy=\\&quot;strict-origin-when-cross-origin\\&quot; allowfullscreen title=\\&quot;The Big Tuskers in Kenya - Griet Van Malderen\\&quot;&gt;&lt;\\\/iframe&gt;&quot;' data-height='500' data-video_index='3' data-video_start='0'><div class=\"jet-blog-playlist__item-index\">\n\t<div class=\"jet-blog-playlist__item-index-num\">3<\/div>\n\t<div class=\"jet-blog-playlist__item-status jet-status-playing\"><i class=\"fas fa-play\" aria-hidden=\"true\"><\/i><\/div>\n\t<div class=\"jet-blog-playlist__item-status jet-status-paused\"><i class=\"fas fa-pause\" aria-hidden=\"true\"><\/i><\/div>\n<\/div>\n<div class=\"jet-blog-playlist__item-thumb\">\n\t<img\n\t\tsrc=\"https:\/\/i.ytimg.com\/vi\/q3-zonYJOfM\/hqdefault.jpg\"\n\t\talt=\"The Big Tuskers in Kenya - Griet Van Malderen\"\n\t\ttitle=\"The Big Tuskers in Kenya - Griet Van Malderen\"\n\t\tclass=\"jet-blog-playlist__item-thumb-img\">\n<\/div><div class=\"jet-blog-playlist__item-content\"><div class=\"jet-blog-playlist__item-title\">\n\tThe Big Tuskers in Kenya - Griet Van Malderen<\/div><\/div><\/div><div class=\"jet-blog-playlist__item\"  data-id='7c096b9' data-video_id='fli0O-dF9dY' data-provider='youtube' data-html='&quot;&lt;iframe width=\\&quot;100%\\&quot; height=\\&quot;500\\&quot; src=\\&quot;https:\\\/\\\/www.youtube.com\\\/embed\\\/fli0O-dF9dY?feature=oembed&amp;enablejsapi=1\\&quot; frameborder=\\&quot;0\\&quot; allow=\\&quot;accelerometer; autoplay; clipboard-write; encrypted-media; gyroscope; picture-in-picture; web-share\\&quot; referrerpolicy=\\&quot;strict-origin-when-cross-origin\\&quot; allowfullscreen title=\\&quot;RAFIKI, March 2020, Bwindi impenetrable Forest Lodge, Uganda\\&quot;&gt;&lt;\\\/iframe&gt;&quot;' data-height='500' data-video_index='4' data-video_start='0'><div class=\"jet-blog-playlist__item-index\">\n\t<div class=\"jet-blog-playlist__item-index-num\">4<\/div>\n\t<div class=\"jet-blog-playlist__item-status jet-status-playing\"><i class=\"fas fa-play\" aria-hidden=\"true\"><\/i><\/div>\n\t<div class=\"jet-blog-playlist__item-status jet-status-paused\"><i class=\"fas fa-pause\" aria-hidden=\"true\"><\/i><\/div>\n<\/div>\n<div class=\"jet-blog-playlist__item-thumb\">\n\t<img\n\t\tsrc=\"https:\/\/i.ytimg.com\/vi\/fli0O-dF9dY\/hqdefault.jpg\"\n\t\talt=\"RAFIKI, March 2020, Bwindi impenetrable Forest Lodge, Uganda\"\n\t\ttitle=\"RAFIKI, March 2020, Bwindi impenetrable Forest Lodge, Uganda\"\n\t\tclass=\"jet-blog-playlist__item-thumb-img\">\n<\/div><div class=\"jet-blog-playlist__item-content\"><div class=\"jet-blog-playlist__item-title\">\n\tRAFIKI, March 2020, Bwindi impenetrable Forest Lodge, Uganda<\/div><\/div><\/div><\/div>\n\t\t<\/div>\n\t<\/div>\n<\/div><\/div>\t\t\t\t<\/div>\n\t\t\t\t<\/div>\n\t\t\t\t<\/div>\n\t\t<div class=\"elementor-element elementor-element-4e0e0be e-con-full e-flex e-con e-parent\" data-id=\"4e0e0be\" data-element_type=\"container\" data-e-type=\"container\" data-settings=\"{&quot;jet_parallax_layout_list&quot;:[]}\">\n\t\t\t\t<div class=\"elementor-element elementor-element-92a5f2f elementor-widget elementor-widget-heading\" data-id=\"92a5f2f\" data-element_type=\"widget\" data-e-type=\"widget\" data-widget_type=\"heading.default\">\n\t\t\t\t<div class=\"elementor-widget-container\">\n\t\t\t\t\t<p class=\"elementor-heading-title elementor-size-default\">Regardez les histoires, sentez la vie sauvage :<\/p>\t\t\t\t<\/div>\n\t\t\t\t<\/div>\n\t\t\t\t<div class=\"elementor-element elementor-element-7520dbc elementor-widget elementor-widget-button\" data-id=\"7520dbc\" data-element_type=\"widget\" data-e-type=\"widget\" data-widget_type=\"button.default\">\n\t\t\t\t<div class=\"elementor-widget-container\">\n\t\t\t\t\t\t\t\t\t<div class=\"elementor-button-wrapper\">\n\t\t\t\t\t<a class=\"elementor-button elementor-button-link elementor-size-sm\" href=\"https:\/\/www.youtube.com\/@grietvanmalderen3451\" target=\"_blank\" rel=\"nofollow noopener\">\n\t\t\t\t\t\t<span class=\"elementor-button-content-wrapper\">\n\t\t\t\t\t\t\t\t\t<span class=\"elementor-button-text\">Visitez ma cha\u00eene YouTube<\/span>\n\t\t\t\t\t<\/span>\n\t\t\t\t\t<\/a>\n\t\t\t\t<\/div>\n\t\t\t\t\t\t\t\t<\/div>\n\t\t\t\t<\/div>\n\t\t\t\t<\/div>\n\t\t\t\t<\/div>\n\t\t","protected":false},"excerpt":{"rendered":"<p>La nature \u00e0 travers l&rsquo;objectif Chaque image raconte une histoire, mais certaines histoires n\u00e9cessitent plus qu&rsquo;une simple image. Ma cha\u00eene YouTube vous emm\u00e8ne au-del\u00e0 des images fixes, au c\u0153ur de la nature sauvage, o\u00f9 chaque rencontre est brute, r\u00e9elle et profond\u00e9ment \u00e9mouvante. Qu&rsquo;il s&rsquo;agisse de traquer des pr\u00e9dateurs insaisissables ou d&rsquo;observer la beaut\u00e9 fragile d&rsquo;esp\u00e8ces [&hellip;]<\/p>\n","protected":false},"author":1,"featured_media":0,"parent":0,"menu_order":0,"comment_status":"closed","ping_status":"closed","template":"","meta":{"give_campaign_id":0,"footnotes":""},"class_list":["post-4698","page","type-page","status-publish","hentry"],"campaignId":"","_links":{"self":[{"href":"https:\/\/grietvanmalderen.com\/fr\/wp-json\/wp\/v2\/pages\/4698","targetHints":{"allow":["GET"]}}],"collection":[{"href":"https:\/\/grietvanmalderen.com\/fr\/wp-json\/wp\/v2\/pages"}],"about":[{"href":"https:\/\/grietvanmalderen.com\/fr\/wp-json\/wp\/v2\/types\/page"}],"author":[{"embeddable":true,"href":"https:\/\/grietvanmalderen.com\/fr\/wp-json\/wp\/v2\/users\/1"}],"replies":[{"embeddable":true,"href":"https:\/\/grietvanmalderen.com\/fr\/wp-json\/wp\/v2\/comments?post=4698"}],"version-history":[{"count":4,"href":"https:\/\/grietvanmalderen.com\/fr\/wp-json\/wp\/v2\/pages\/4698\/revisions"}],"predecessor-version":[{"id":6121,"href":"https:\/\/grietvanmalderen.com\/fr\/wp-json\/wp\/v2\/pages\/4698\/revisions\/6121"}],"wp:attachment":[{"href":"https:\/\/grietvanmalderen.com\/fr\/wp-json\/wp\/v2\/media?parent=4698"}],"curies":[{"name":"wp","href":"https:\/\/api.w.org\/{rel}","templated":true}]}}